{"id":986,"date":"2023-05-21T10:50:25","date_gmt":"2023-05-21T10:50:25","guid":{"rendered":"https:\/\/ms.atarim.top\/ayeletshlomo\/?page_id=986"},"modified":"2023-05-23T23:28:13","modified_gmt":"2023-05-23T20:28:13","slug":"%d7%90%d7%95%d7%93%d7%95%d7%aa-%d7%90%d7%99%d7%99%d7%9c%d7%aa-%d7%a9%d7%9c%d7%9e%d7%94","status":"publish","type":"page","link":"https:\/\/ayeletshlomo.com\/fr\/%d7%90%d7%95%d7%93%d7%95%d7%aa-%d7%90%d7%99%d7%99%d7%9c%d7%aa-%d7%a9%d7%9c%d7%9e%d7%94\/","title":{"rendered":"\u00c0 propos d&#039;Ayelet Shlomo"},"content":{"rendered":"<p>Ayelet Shlomo, la cr\u00e9atrice de mode talentueuse et comp\u00e9tente qui con\u00e7oit et cr\u00e9e des robes de mari\u00e9e et de soir\u00e9e avec la gr\u00e2ce de Dieu. Avec plus de 20 ans d&#039;exp\u00e9rience dans le domaine, Ayelet vous offre les connaissances, les comp\u00e9tences et l&#039;amour de l&#039;art de la mode pour cr\u00e9er une robe parfaite pour vous qui vous offrira des moments uniques et passionnants lors de votre journ\u00e9e importante.<\/p>\n\n\n\n<p>Aujourd\u2019hui, partout o\u00f9 vous demanderez quel salon de mariage ou quel cr\u00e9ateur de robes de soir\u00e9e vous recommandez, le nom d\u2019Ayelet Shlomo reviendra.<\/p>\n\n\n\n<p>Ayelet Shlomo n\u2019est pas seulement une cr\u00e9atrice, elle raconte une histoire. Chaque robe qu&#039;elle cr\u00e9e allie cr\u00e9ativit\u00e9, qualit\u00e9 et une profonde passion pour la cr\u00e9ativit\u00e9 et les plus petits d\u00e9tails. Elle s&#039;assure de travailler avec des mat\u00e9riaux de haute qualit\u00e9 et des techniques uniques, afin de cr\u00e9er des robes qui r\u00e9sisteront \u00e0 l&#039;\u00e9preuve du temps et seront aim\u00e9es pendant des g\u00e9n\u00e9rations.<\/p>\n\n\n\n<p>Gr\u00e2ce \u00e0 son haut niveau de sp\u00e9cialisation et de professionnalisme, Ayelet Shlomo traite chaque cliente comme si elle \u00e9tait sa merveilleuse \u00e9pouse. Elle \u00e9coutera vos souhaits, pr\u00eatera attention aux petits d\u00e9tails et vous fera vivre une exp\u00e9rience personnelle et unique qui vous fera sentir comme une reine.<\/p>\n\n\n\n<p>Sur notre site Web, vous pouvez voir les magnifiques \u0153uvres d&#039;Ayelet Shlomo, vous inspirer et \u00eatre impressionn\u00e9 par son style de design. Nous vous invitons \u00e0 nous contacter pour parler de vos id\u00e9es, de vos r\u00eaves et commencer \u00e0 cr\u00e9er la robe qui refl\u00e9tera votre beaut\u00e9 int\u00e9rieure et correspondra exactement \u00e0 l&#039;endroit unique dans lequel vous vous trouvez.<\/p>\n\n\n\n<p>Nous sommes impatients de vous entendre et de vous aider \u00e0 trouver la robe parfaite qui refl\u00e8te votre go\u00fbt personnel, votre modestie et votre beaut\u00e9. Nous serions heureux de participer \u00e0 une petite partie de votre journ\u00e9e importante et de veiller \u00e0 ce que vous soyez re\u00e7u avec respect, bonheur et votre propre beaut\u00e9.<\/p>","protected":false},"excerpt":{"rendered":"<p>\u05d0\u05d9\u05d9\u05dc\u05ea \u05e9\u05dc\u05de\u05d4, \u05de\u05e2\u05e6\u05d1\u05ea \u05d4\u05d0\u05d5\u05e4\u05e0\u05d4 \u05d4\u05de\u05d5\u05db\u05e9\u05e8\u05ea \u05d5\u05d4\u05de\u05d9\u05d5\u05de\u05e0\u05ea \u05e9\u05e2\u05d5\u05e1\u05e7\u05ea \u05d1\u05e2\u05d9\u05e6\u05d5\u05d1 \u05d5\u05d9\u05e6\u05d9\u05e8\u05ea \u05e9\u05de\u05dc\u05d5\u05ea \u05db\u05dc\u05d4 \u05d5\u05e2\u05e8\u05d1 \u05d1\u05d7\u05e1\u05d3 \u05e2\u05dc\u05d9\u05d5\u05df. \u05e2\u05dd \u05e0\u05d9\u05e1\u05d9\u05d5\u05df \u05de\u05e2\u05dc 20 \u05e9\u05e0\u05d4 \u05d1\u05ea\u05d7\u05d5\u05dd, \u05d0\u05d9\u05d9\u05dc\u05ea \u05de\u05e6\u05d9\u05e2\u05d4 \u05dc\u05da \u05d0\u05ea \u05d4\u05d9\u05d3\u05e2, \u05d4\u05de\u05d9\u05d5\u05de\u05e0\u05d5\u05ea \u05d5\u05d4\u05d0\u05d4\u05d1\u05d4 \u05dc\u05d0\u05d5\u05de\u05e0\u05d5\u05ea \u05d4\u05d0\u05d5\u05e4\u05e0\u05d4 \u05db\u05d3\u05d9 \u05dc\u05d9\u05e6\u05d5\u05e8 \u05e2\u05d1\u05d5\u05e8\u05da \u05e9\u05de\u05dc\u05d4 \u05de\u05d5\u05e9\u05dc\u05de\u05ea \u05e9\u05ea\u05e2\u05e0\u05d9\u05e7 \u05dc\u05da \u05e8\u05d2\u05e2\u05d9\u05dd \u05d9\u05d9\u05d7\u05d5\u05d3\u05d9\u05d9\u05dd \u05d5\u05de\u05e8\u05d2\u05e9\u05d9\u05dd \u05d1\u05d9\u05d5\u05de\u05da \u05d4\u05d7\u05e9\u05d5\u05d1. \u05d4\u05d9\u05d5\u05dd \u05d1\u05db\u05dc \u05de\u05e7\u05d5\u05dd \u05e9\u05ea\u05e9\u05d0\u05dc\u05d9 \u05e2\u05dc \u05e1\u05dc\u05d5\u05df \u05db\u05dc\u05d5\u05ea \u05de\u05d5\u05de\u05dc\u05e5, \u05d0\u05d5 \u05de\u05e2\u05e6\u05d1\u05ea \u05e9\u05de\u05dc\u05d5\u05ea \u05e2\u05e8\u05d1 \u05de\u05d5\u05de\u05dc\u05e6\u05ea \u05d4\u05e9\u05dd [&hellip;]<\/p>\n","protected":false},"author":1003,"featured_media":992,"parent":0,"menu_order":0,"comment_status":"closed","ping_status":"closed","template":"","meta":{"_acf_changed":false,"_joinchat":[],"footnotes":""},"class_list":["post-986","page","type-page","status-publish","has-post-thumbnail","hentry"],"acf":[],"yoast_head":"<!-- This site is optimized with the Yoast SEO Premium plugin v24.8 (Yoast SEO v27.3) - https:\/\/yoast.com\/product\/yoast-seo-premium-wordpress\/ -->\n<title>\u05d0\u05d5\u05d3\u05d5\u05ea \u05d0\u05d9\u05d9\u05dc\u05ea \u05e9\u05dc\u05de\u05d4 - \u05e9\u05de\u05dc\u05d5\u05ea \u05db\u05dc\u05d4 \u05d5\u05e9\u05de\u05dc\u05d5\u05ea \u05e2\u05e8\u05d1 \u05e6\u05e0\u05d5\u05e2\u05d5\u05ea - \u05d0\u05d9\u05d9\u05dc\u05ea \u05e9\u05dc\u05de\u05d4<\/title>\n<meta name=\"description\" content=\"\u05d0\u05d9\u05d9\u05dc\u05ea \u05e9\u05dc\u05de\u05d4, \u05de\u05e2\u05e6\u05d1\u05ea \u05d4\u05d0\u05d5\u05e4\u05e0\u05d4 \u05d4\u05de\u05d5\u05db\u05e9\u05e8\u05ea \u05d5\u05d4\u05de\u05d9\u05d5\u05de\u05e0\u05ea \u05e9\u05e2\u05d5\u05e1\u05e7\u05ea \u05d1\u05e2\u05d9\u05e6\u05d5\u05d1 \u05d5\u05d9\u05e6\u05d9\u05e8\u05ea \u05e9\u05de\u05dc\u05d5\u05ea \u05db\u05dc\u05d4 \u05d5\u05e2\u05e8\u05d1 \u05d1\u05d7\u05e1\u05d3 \u05e2\u05dc\u05d9\u05d5\u05df. \u05e2\u05dd \u05e0\u05d9\u05e1\u05d9\u05d5\u05df \u05de\u05e2\u05dc 20 \u05e9\u05e0\u05d4 \u05d1\u05ea\u05d7\u05d5\u05dd.\" \/>\n<meta name=\"robots\" content=\"index, follow, max-snippet:-1, max-image-preview:large, max-video-preview:-1\" \/>\n<link rel=\"canonical\" href=\"https:\/\/ayeletshlomo.com\/fr\/\u05d0\u05d5\u05d3\u05d5\u05ea-\u05d0\u05d9\u05d9\u05dc\u05ea-\u05e9\u05dc\u05de\u05d4\/\" \/>\n<meta property=\"og:locale\" content=\"fr_FR\" \/>\n<meta property=\"og:type\" content=\"article\" \/>\n<meta property=\"og:title\" content=\"\u05d0\u05d5\u05d3\u05d5\u05ea \u05d0\u05d9\u05d9\u05dc\u05ea \u05e9\u05dc\u05de\u05d4\" \/>\n<meta property=\"og:description\" content=\"\u05d0\u05d9\u05d9\u05dc\u05ea \u05e9\u05dc\u05de\u05d4, \u05de\u05e2\u05e6\u05d1\u05ea \u05d4\u05d0\u05d5\u05e4\u05e0\u05d4 \u05d4\u05de\u05d5\u05db\u05e9\u05e8\u05ea \u05d5\u05d4\u05de\u05d9\u05d5\u05de\u05e0\u05ea \u05e9\u05e2\u05d5\u05e1\u05e7\u05ea \u05d1\u05e2\u05d9\u05e6\u05d5\u05d1 \u05d5\u05d9\u05e6\u05d9\u05e8\u05ea \u05e9\u05de\u05dc\u05d5\u05ea \u05db\u05dc\u05d4 \u05d5\u05e2\u05e8\u05d1 \u05d1\u05d7\u05e1\u05d3 \u05e2\u05dc\u05d9\u05d5\u05df. \u05e2\u05dd \u05e0\u05d9\u05e1\u05d9\u05d5\u05df \u05de\u05e2\u05dc 20 \u05e9\u05e0\u05d4 \u05d1\u05ea\u05d7\u05d5\u05dd.\" \/>\n<meta property=\"og:url\" content=\"https:\/\/ayeletshlomo.com\/fr\/\u05d0\u05d5\u05d3\u05d5\u05ea-\u05d0\u05d9\u05d9\u05dc\u05ea-\u05e9\u05dc\u05de\u05d4\/\" \/>\n<meta property=\"og:site_name\" content=\"\u05e9\u05de\u05dc\u05d5\u05ea \u05db\u05dc\u05d4 \u05d5\u05e9\u05de\u05dc\u05d5\u05ea \u05e2\u05e8\u05d1 \u05e6\u05e0\u05d5\u05e2\u05d5\u05ea - \u05d0\u05d9\u05d9\u05dc\u05ea \u05e9\u05dc\u05de\u05d4\" \/>\n<meta property=\"article:publisher\" content=\"https:\/\/www.facebook.com\/boikala\" \/>\n<meta property=\"article:modified_time\" content=\"2023-05-23T20:28:13+00:00\" \/>\n<meta property=\"og:image\" content=\"https:\/\/ayeletshlomo.com\/wp-content\/uploads\/sites\/21\/2023\/05\/\u05d0\u05d5\u05d3\u05d5\u05ea-\u05d4\u05de\u05e2\u05e6\u05d1\u05ea-\u05d0\u05d9\u05d9\u05dc\u05ea-\u05e9\u05dc\u05de\u05d4.png\" \/>\n\t<meta property=\"og:image:width\" content=\"1024\" \/>\n\t<meta property=\"og:image:height\" content=\"1024\" \/>\n\t<meta property=\"og:image:type\" content=\"image\/png\" \/>\n<meta name=\"twitter:card\" content=\"summary_large_image\" \/>\n<meta name=\"twitter:label1\" content=\"Dur\u00e9e de lecture estim\u00e9e\" \/>\n\t<meta name=\"twitter:data1\" content=\"2 minutes\" \/>\n<script type=\"application\/ld+json\" class=\"yoast-schema-graph\">{\"@context\":\"https:\\\/\\\/schema.org\",\"@graph\":[{\"@type\":\"WebPage\",\"@id\":\"https:\\\/\\\/ayeletshlomo.com\\\/%d7%90%d7%95%d7%93%d7%95%d7%aa-%d7%90%d7%99%d7%99%d7%9c%d7%aa-%d7%a9%d7%9c%d7%9e%d7%94\\\/\",\"url\":\"https:\\\/\\\/ayeletshlomo.com\\\/%d7%90%d7%95%d7%93%d7%95%d7%aa-%d7%90%d7%99%d7%99%d7%9c%d7%aa-%d7%a9%d7%9c%d7%9e%d7%94\\\/\",\"name\":\"\u05d0\u05d5\u05d3\u05d5\u05ea \u05d0\u05d9\u05d9\u05dc\u05ea \u05e9\u05dc\u05de\u05d4 - \u05e9\u05de\u05dc\u05d5\u05ea \u05db\u05dc\u05d4 \u05d5\u05e9\u05de\u05dc\u05d5\u05ea \u05e2\u05e8\u05d1 \u05e6\u05e0\u05d5\u05e2\u05d5\u05ea - \u05d0\u05d9\u05d9\u05dc\u05ea \u05e9\u05dc\u05de\u05d4\",\"isPartOf\":{\"@id\":\"https:\\\/\\\/ayeletshlomo.com\\\/#website\"},\"primaryImageOfPage\":{\"@id\":\"https:\\\/\\\/ayeletshlomo.com\\\/%d7%90%d7%95%d7%93%d7%95%d7%aa-%d7%90%d7%99%d7%99%d7%9c%d7%aa-%d7%a9%d7%9c%d7%9e%d7%94\\\/#primaryimage\"},\"image\":{\"@id\":\"https:\\\/\\\/ayeletshlomo.com\\\/%d7%90%d7%95%d7%93%d7%95%d7%aa-%d7%90%d7%99%d7%99%d7%9c%d7%aa-%d7%a9%d7%9c%d7%9e%d7%94\\\/#primaryimage\"},\"thumbnailUrl\":\"https:\\\/\\\/ayeletshlomo.com\\\/wp-content\\\/uploads\\\/sites\\\/21\\\/2023\\\/05\\\/\u05d0\u05d5\u05d3\u05d5\u05ea-\u05d4\u05de\u05e2\u05e6\u05d1\u05ea-\u05d0\u05d9\u05d9\u05dc\u05ea-\u05e9\u05dc\u05de\u05d4.png\",\"datePublished\":\"2023-05-21T10:50:25+00:00\",\"dateModified\":\"2023-05-23T20:28:13+00:00\",\"description\":\"\u05d0\u05d9\u05d9\u05dc\u05ea \u05e9\u05dc\u05de\u05d4, \u05de\u05e2\u05e6\u05d1\u05ea \u05d4\u05d0\u05d5\u05e4\u05e0\u05d4 \u05d4\u05de\u05d5\u05db\u05e9\u05e8\u05ea \u05d5\u05d4\u05de\u05d9\u05d5\u05de\u05e0\u05ea \u05e9\u05e2\u05d5\u05e1\u05e7\u05ea \u05d1\u05e2\u05d9\u05e6\u05d5\u05d1 \u05d5\u05d9\u05e6\u05d9\u05e8\u05ea \u05e9\u05de\u05dc\u05d5\u05ea \u05db\u05dc\u05d4 \u05d5\u05e2\u05e8\u05d1 \u05d1\u05d7\u05e1\u05d3 \u05e2\u05dc\u05d9\u05d5\u05df. \u05e2\u05dd \u05e0\u05d9\u05e1\u05d9\u05d5\u05df \u05de\u05e2\u05dc 20 \u05e9\u05e0\u05d4 \u05d1\u05ea\u05d7\u05d5\u05dd.\",\"breadcrumb\":{\"@id\":\"https:\\\/\\\/ayeletshlomo.com\\\/%d7%90%d7%95%d7%93%d7%95%d7%aa-%d7%90%d7%99%d7%99%d7%9c%d7%aa-%d7%a9%d7%9c%d7%9e%d7%94\\\/#breadcrumb\"},\"inLanguage\":\"fr-FR\",\"potentialAction\":[{\"@type\":\"ReadAction\",\"target\":[\"https:\\\/\\\/ayeletshlomo.com\\\/%d7%90%d7%95%d7%93%d7%95%d7%aa-%d7%90%d7%99%d7%99%d7%9c%d7%aa-%d7%a9%d7%9c%d7%9e%d7%94\\\/\"]}]},{\"@type\":\"ImageObject\",\"inLanguage\":\"fr-FR\",\"@id\":\"https:\\\/\\\/ayeletshlomo.com\\\/%d7%90%d7%95%d7%93%d7%95%d7%aa-%d7%90%d7%99%d7%99%d7%9c%d7%aa-%d7%a9%d7%9c%d7%9e%d7%94\\\/#primaryimage\",\"url\":\"https:\\\/\\\/ayeletshlomo.com\\\/wp-content\\\/uploads\\\/sites\\\/21\\\/2023\\\/05\\\/\u05d0\u05d5\u05d3\u05d5\u05ea-\u05d4\u05de\u05e2\u05e6\u05d1\u05ea-\u05d0\u05d9\u05d9\u05dc\u05ea-\u05e9\u05dc\u05de\u05d4.png\",\"contentUrl\":\"https:\\\/\\\/ayeletshlomo.com\\\/wp-content\\\/uploads\\\/sites\\\/21\\\/2023\\\/05\\\/\u05d0\u05d5\u05d3\u05d5\u05ea-\u05d4\u05de\u05e2\u05e6\u05d1\u05ea-\u05d0\u05d9\u05d9\u05dc\u05ea-\u05e9\u05dc\u05de\u05d4.png\",\"width\":1024,\"height\":1024,\"caption\":\"\u05d0\u05d5\u05d3\u05d5\u05ea \u05d4\u05de\u05e2\u05e6\u05d1\u05ea \u05d0\u05d9\u05d9\u05dc\u05ea \u05e9\u05dc\u05de\u05d4\"},{\"@type\":\"BreadcrumbList\",\"@id\":\"https:\\\/\\\/ayeletshlomo.com\\\/%d7%90%d7%95%d7%93%d7%95%d7%aa-%d7%90%d7%99%d7%99%d7%9c%d7%aa-%d7%a9%d7%9c%d7%9e%d7%94\\\/#breadcrumb\",\"itemListElement\":[{\"@type\":\"ListItem\",\"position\":1,\"name\":\"\u05d3\u05e3 \u05d4\u05d1\u05d9\u05ea\",\"item\":\"https:\\\/\\\/ayeletshlomo.com\\\/\"},{\"@type\":\"ListItem\",\"position\":2,\"name\":\"\u05d0\u05d5\u05d3\u05d5\u05ea \u05d0\u05d9\u05d9\u05dc\u05ea \u05e9\u05dc\u05de\u05d4\"}]},{\"@type\":\"WebSite\",\"@id\":\"https:\\\/\\\/ayeletshlomo.com\\\/#website\",\"url\":\"https:\\\/\\\/ayeletshlomo.com\\\/\",\"name\":\"\u05e9\u05de\u05dc\u05d5\u05ea \u05db\u05dc\u05d4 \u05d5\u05e9\u05de\u05dc\u05d5\u05ea \u05e2\u05e8\u05d1 \u05e6\u05e0\u05d5\u05e2\u05d5\u05ea - \u05d0\u05d9\u05d9\u05dc\u05ea \u05e9\u05dc\u05de\u05d4\",\"description\":\"\u05e1\u05dc\u05d5\u05df \u05db\u05dc\u05d5\u05ea \u05dc\u05e9\u05de\u05dc\u05d5\u05ea \u05db\u05dc\u05d4 \u05d5\u05e2\u05e8\u05d1 \u05e6\u05e0\u05d5\u05e2\u05d5\u05ea - \u05d0\u05d9\u05d9\u05dc\u05ea \u05e9\u05dc\u05de\u05d4. \u05e2\u05d9\u05e6\u05d5\u05d1 \u05de\u05d5\u05ea\u05d0\u05dd \u05d0\u05d9\u05e9\u05d9\u05ea, \u05de\u05db\u05d9\u05e8\u05d4 \u05d5\u05d4\u05e9\u05db\u05e8\u05d4 \u05e9\u05dc \u05e9\u05de\u05dc\u05d5\u05ea \u05db\u05dc\u05d4 \u05e6\u05e0\u05d5\u05e2\u05d5\u05ea, \u05ea\u05e4\u05d9\u05e8\u05d4 \u05d1\u05e2\u05d9\u05e6\u05d5\u05d1 \u05d0\u05d9\u05e9\u05d9 \u05e9\u05dc \u05e9\u05de\u05dc\u05d5\u05ea \u05e2\u05e8\u05d1 \u05d1\u05d0\u05d9\u05db\u05d5\u05ea \u05d2\u05d1\u05d5\u05d4\u05d4, \u05e2\u05dd \u05e0\u05d9\u05e1\u05d9\u05d5\u05df \u05de\u05e2\u05dc 20 \u05e9\u05e0\u05d4 \u05d1\u05de\u05d2\u05d6\u05e8 \u05d4\u05d7\u05e8\u05d3\u05d9 \u05d5\u05d4\u05d3\u05ea\u05d9, \u05e9\u05d9\u05e8\u05d5\u05ea \u05d0\u05d9\u05e9\u05d9. \u05de\u05e6\u05d0\u05d5 \u05d0\u05ea \u05d4\u05e9\u05de\u05dc\u05d4 \u05d4\u05de\u05d5\u05e9\u05dc\u05de\u05ea \u05d5\u05e7\u05d1\u05dc\u05d5 \u05de\u05e8\u05d0\u05d4 \u05de\u05d5\u05e9\u05da \u05d1\u05db\u05dc \u05d0\u05d9\u05e8\u05d5\u05e2.\",\"publisher\":{\"@id\":\"https:\\\/\\\/ayeletshlomo.com\\\/#organization\"},\"potentialAction\":[{\"@type\":\"SearchAction\",\"target\":{\"@type\":\"EntryPoint\",\"urlTemplate\":\"https:\\\/\\\/ayeletshlomo.com\\\/?s={search_term_string}\"},\"query-input\":{\"@type\":\"PropertyValueSpecification\",\"valueRequired\":true,\"valueName\":\"search_term_string\"}}],\"inLanguage\":\"fr-FR\"},{\"@type\":\"Organization\",\"@id\":\"https:\\\/\\\/ayeletshlomo.com\\\/#organization\",\"name\":\"\u05e9\u05de\u05dc\u05d5\u05ea \u05db\u05dc\u05d4 \u05e6\u05e0\u05d5\u05e2\u05d5\u05ea - \u05d0\u05d9\u05d9\u05dc\u05ea \u05e9\u05dc\u05de\u05d4\",\"alternateName\":\"\u05e1\u05dc\u05d5\u05df \u05db\u05dc\u05d5\u05ea - \u05d0\u05d9\u05d9\u05dc\u05ea \u05e9\u05dc\u05de\u05d4\",\"url\":\"https:\\\/\\\/ayeletshlomo.com\\\/\",\"logo\":{\"@type\":\"ImageObject\",\"inLanguage\":\"fr-FR\",\"@id\":\"https:\\\/\\\/ayeletshlomo.com\\\/#\\\/schema\\\/logo\\\/image\\\/\",\"url\":\"https:\\\/\\\/ayeletshlomo.com\\\/wp-content\\\/uploads\\\/sites\\\/21\\\/2023\\\/05\\\/1000x1000-logo-01.jpg\",\"contentUrl\":\"https:\\\/\\\/ayeletshlomo.com\\\/wp-content\\\/uploads\\\/sites\\\/21\\\/2023\\\/05\\\/1000x1000-logo-01.jpg\",\"width\":2201,\"height\":2201,\"caption\":\"\u05e9\u05de\u05dc\u05d5\u05ea \u05db\u05dc\u05d4 \u05e6\u05e0\u05d5\u05e2\u05d5\u05ea - \u05d0\u05d9\u05d9\u05dc\u05ea \u05e9\u05dc\u05de\u05d4\"},\"image\":{\"@id\":\"https:\\\/\\\/ayeletshlomo.com\\\/#\\\/schema\\\/logo\\\/image\\\/\"},\"sameAs\":[\"https:\\\/\\\/www.facebook.com\\\/boikala\",\"https:\\\/\\\/www.youtube.com\\\/@ayeletshlomo\"]}]}<\/script>\n<!-- \/ Yoast SEO Premium plugin. -->","yoast_head_json":{"title":"\u00c0 propos d&#039;Ayelet Shlomo - Robes de mari\u00e9e et robes de soir\u00e9e modestes - Ayelet Shlomo","description":"Ayelet Shlomo, la cr\u00e9atrice de mode talentueuse et comp\u00e9tente qui con\u00e7oit et cr\u00e9e des robes de mari\u00e9e et de soir\u00e9e avec la gr\u00e2ce de Dieu. Avec plus de 20 ans d&#039;exp\u00e9rience dans le domaine.","robots":{"index":"index","follow":"follow","max-snippet":"max-snippet:-1","max-image-preview":"max-image-preview:large","max-video-preview":"max-video-preview:-1"},"canonical":"https:\/\/ayeletshlomo.com\/fr\/\u05d0\u05d5\u05d3\u05d5\u05ea-\u05d0\u05d9\u05d9\u05dc\u05ea-\u05e9\u05dc\u05de\u05d4\/","og_locale":"fr_FR","og_type":"article","og_title":"\u05d0\u05d5\u05d3\u05d5\u05ea \u05d0\u05d9\u05d9\u05dc\u05ea \u05e9\u05dc\u05de\u05d4","og_description":"\u05d0\u05d9\u05d9\u05dc\u05ea \u05e9\u05dc\u05de\u05d4, \u05de\u05e2\u05e6\u05d1\u05ea \u05d4\u05d0\u05d5\u05e4\u05e0\u05d4 \u05d4\u05de\u05d5\u05db\u05e9\u05e8\u05ea \u05d5\u05d4\u05de\u05d9\u05d5\u05de\u05e0\u05ea \u05e9\u05e2\u05d5\u05e1\u05e7\u05ea \u05d1\u05e2\u05d9\u05e6\u05d5\u05d1 \u05d5\u05d9\u05e6\u05d9\u05e8\u05ea \u05e9\u05de\u05dc\u05d5\u05ea \u05db\u05dc\u05d4 \u05d5\u05e2\u05e8\u05d1 \u05d1\u05d7\u05e1\u05d3 \u05e2\u05dc\u05d9\u05d5\u05df. \u05e2\u05dd \u05e0\u05d9\u05e1\u05d9\u05d5\u05df \u05de\u05e2\u05dc 20 \u05e9\u05e0\u05d4 \u05d1\u05ea\u05d7\u05d5\u05dd.","og_url":"https:\/\/ayeletshlomo.com\/fr\/\u05d0\u05d5\u05d3\u05d5\u05ea-\u05d0\u05d9\u05d9\u05dc\u05ea-\u05e9\u05dc\u05de\u05d4\/","og_site_name":"\u05e9\u05de\u05dc\u05d5\u05ea \u05db\u05dc\u05d4 \u05d5\u05e9\u05de\u05dc\u05d5\u05ea \u05e2\u05e8\u05d1 \u05e6\u05e0\u05d5\u05e2\u05d5\u05ea - \u05d0\u05d9\u05d9\u05dc\u05ea \u05e9\u05dc\u05de\u05d4","article_publisher":"https:\/\/www.facebook.com\/boikala","article_modified_time":"2023-05-23T20:28:13+00:00","og_image":[{"width":1024,"height":1024,"url":"https:\/\/ayeletshlomo.com\/wp-content\/uploads\/sites\/21\/2023\/05\/\u05d0\u05d5\u05d3\u05d5\u05ea-\u05d4\u05de\u05e2\u05e6\u05d1\u05ea-\u05d0\u05d9\u05d9\u05dc\u05ea-\u05e9\u05dc\u05de\u05d4.png","type":"image\/png"}],"twitter_card":"summary_large_image","twitter_misc":{"Dur\u00e9e de lecture estim\u00e9e":"2 minutes"},"schema":{"@context":"https:\/\/schema.org","@graph":[{"@type":"WebPage","@id":"https:\/\/ayeletshlomo.com\/%d7%90%d7%95%d7%93%d7%95%d7%aa-%d7%90%d7%99%d7%99%d7%9c%d7%aa-%d7%a9%d7%9c%d7%9e%d7%94\/","url":"https:\/\/ayeletshlomo.com\/%d7%90%d7%95%d7%93%d7%95%d7%aa-%d7%90%d7%99%d7%99%d7%9c%d7%aa-%d7%a9%d7%9c%d7%9e%d7%94\/","name":"\u00c0 propos d&#039;Ayelet Shlomo - Robes de mari\u00e9e et robes de soir\u00e9e modestes - Ayelet Shlomo","isPartOf":{"@id":"https:\/\/ayeletshlomo.com\/#website"},"primaryImageOfPage":{"@id":"https:\/\/ayeletshlomo.com\/%d7%90%d7%95%d7%93%d7%95%d7%aa-%d7%90%d7%99%d7%99%d7%9c%d7%aa-%d7%a9%d7%9c%d7%9e%d7%94\/#primaryimage"},"image":{"@id":"https:\/\/ayeletshlomo.com\/%d7%90%d7%95%d7%93%d7%95%d7%aa-%d7%90%d7%99%d7%99%d7%9c%d7%aa-%d7%a9%d7%9c%d7%9e%d7%94\/#primaryimage"},"thumbnailUrl":"https:\/\/ayeletshlomo.com\/wp-content\/uploads\/sites\/21\/2023\/05\/\u05d0\u05d5\u05d3\u05d5\u05ea-\u05d4\u05de\u05e2\u05e6\u05d1\u05ea-\u05d0\u05d9\u05d9\u05dc\u05ea-\u05e9\u05dc\u05de\u05d4.png","datePublished":"2023-05-21T10:50:25+00:00","dateModified":"2023-05-23T20:28:13+00:00","description":"Ayelet Shlomo, la cr\u00e9atrice de mode talentueuse et comp\u00e9tente qui con\u00e7oit et cr\u00e9e des robes de mari\u00e9e et de soir\u00e9e avec la gr\u00e2ce de Dieu. Avec plus de 20 ans d&#039;exp\u00e9rience dans le domaine.","breadcrumb":{"@id":"https:\/\/ayeletshlomo.com\/%d7%90%d7%95%d7%93%d7%95%d7%aa-%d7%90%d7%99%d7%99%d7%9c%d7%aa-%d7%a9%d7%9c%d7%9e%d7%94\/#breadcrumb"},"inLanguage":"fr-FR","potentialAction":[{"@type":"ReadAction","target":["https:\/\/ayeletshlomo.com\/%d7%90%d7%95%d7%93%d7%95%d7%aa-%d7%90%d7%99%d7%99%d7%9c%d7%aa-%d7%a9%d7%9c%d7%9e%d7%94\/"]}]},{"@type":"ImageObject","inLanguage":"fr-FR","@id":"https:\/\/ayeletshlomo.com\/%d7%90%d7%95%d7%93%d7%95%d7%aa-%d7%90%d7%99%d7%99%d7%9c%d7%aa-%d7%a9%d7%9c%d7%9e%d7%94\/#primaryimage","url":"https:\/\/ayeletshlomo.com\/wp-content\/uploads\/sites\/21\/2023\/05\/\u05d0\u05d5\u05d3\u05d5\u05ea-\u05d4\u05de\u05e2\u05e6\u05d1\u05ea-\u05d0\u05d9\u05d9\u05dc\u05ea-\u05e9\u05dc\u05de\u05d4.png","contentUrl":"https:\/\/ayeletshlomo.com\/wp-content\/uploads\/sites\/21\/2023\/05\/\u05d0\u05d5\u05d3\u05d5\u05ea-\u05d4\u05de\u05e2\u05e6\u05d1\u05ea-\u05d0\u05d9\u05d9\u05dc\u05ea-\u05e9\u05dc\u05de\u05d4.png","width":1024,"height":1024,"caption":"\u05d0\u05d5\u05d3\u05d5\u05ea \u05d4\u05de\u05e2\u05e6\u05d1\u05ea \u05d0\u05d9\u05d9\u05dc\u05ea \u05e9\u05dc\u05de\u05d4"},{"@type":"BreadcrumbList","@id":"https:\/\/ayeletshlomo.com\/%d7%90%d7%95%d7%93%d7%95%d7%aa-%d7%90%d7%99%d7%99%d7%9c%d7%aa-%d7%a9%d7%9c%d7%9e%d7%94\/#breadcrumb","itemListElement":[{"@type":"ListItem","position":1,"name":"\u05d3\u05e3 \u05d4\u05d1\u05d9\u05ea","item":"https:\/\/ayeletshlomo.com\/"},{"@type":"ListItem","position":2,"name":"\u05d0\u05d5\u05d3\u05d5\u05ea \u05d0\u05d9\u05d9\u05dc\u05ea \u05e9\u05dc\u05de\u05d4"}]},{"@type":"WebSite","@id":"https:\/\/ayeletshlomo.com\/#website","url":"https:\/\/ayeletshlomo.com\/","name":"Robes de mari\u00e9e et robes de soir\u00e9e modestes - Ayelet Shlomo","description":"Salon de mari\u00e9e pour robes de mari\u00e9e et de soir\u00e9e modestes - Ayelet Shlomo. Conception sur mesure, vente et location de robes de mari\u00e9e modestes, couture sur mesure de robes de soir\u00e9e de haute qualit\u00e9, avec plus de 20 ans d&#039;exp\u00e9rience dans le secteur Haredi et religieux, service personnalis\u00e9. Trouvez la robe parfaite et soyez attrayant \u00e0 n&#039;importe quel \u00e9v\u00e9nement.","publisher":{"@id":"https:\/\/ayeletshlomo.com\/#organization"},"potentialAction":[{"@type":"SearchAction","target":{"@type":"EntryPoint","urlTemplate":"https:\/\/ayeletshlomo.com\/?s={search_term_string}"},"query-input":{"@type":"PropertyValueSpecification","valueRequired":true,"valueName":"search_term_string"}}],"inLanguage":"fr-FR"},{"@type":"Organization","@id":"https:\/\/ayeletshlomo.com\/#organization","name":"Robes de mari\u00e9e modestes \u2013 Ayelet Shlomo","alternateName":"\u05e1\u05dc\u05d5\u05df \u05db\u05dc\u05d5\u05ea - \u05d0\u05d9\u05d9\u05dc\u05ea \u05e9\u05dc\u05de\u05d4","url":"https:\/\/ayeletshlomo.com\/","logo":{"@type":"ImageObject","inLanguage":"fr-FR","@id":"https:\/\/ayeletshlomo.com\/#\/schema\/logo\/image\/","url":"https:\/\/ayeletshlomo.com\/wp-content\/uploads\/sites\/21\/2023\/05\/1000x1000-logo-01.jpg","contentUrl":"https:\/\/ayeletshlomo.com\/wp-content\/uploads\/sites\/21\/2023\/05\/1000x1000-logo-01.jpg","width":2201,"height":2201,"caption":"\u05e9\u05de\u05dc\u05d5\u05ea \u05db\u05dc\u05d4 \u05e6\u05e0\u05d5\u05e2\u05d5\u05ea - \u05d0\u05d9\u05d9\u05dc\u05ea \u05e9\u05dc\u05de\u05d4"},"image":{"@id":"https:\/\/ayeletshlomo.com\/#\/schema\/logo\/image\/"},"sameAs":["https:\/\/www.facebook.com\/boikala","https:\/\/www.youtube.com\/@ayeletshlomo"]}]}},"_links":{"self":[{"href":"https:\/\/ayeletshlomo.com\/fr\/wp-json\/wp\/v2\/pages\/986","targetHints":{"allow":["GET"]}}],"collection":[{"href":"https:\/\/ayeletshlomo.com\/fr\/wp-json\/wp\/v2\/pages"}],"about":[{"href":"https:\/\/ayeletshlomo.com\/fr\/wp-json\/wp\/v2\/types\/page"}],"author":[{"embeddable":true,"href":"https:\/\/ayeletshlomo.com\/fr\/wp-json\/wp\/v2\/users\/1003"}],"replies":[{"embeddable":true,"href":"https:\/\/ayeletshlomo.com\/fr\/wp-json\/wp\/v2\/comments?post=986"}],"version-history":[{"count":2,"href":"https:\/\/ayeletshlomo.com\/fr\/wp-json\/wp\/v2\/pages\/986\/revisions"}],"predecessor-version":[{"id":989,"href":"https:\/\/ayeletshlomo.com\/fr\/wp-json\/wp\/v2\/pages\/986\/revisions\/989"}],"wp:featuredmedia":[{"embeddable":true,"href":"https:\/\/ayeletshlomo.com\/fr\/wp-json\/wp\/v2\/media\/992"}],"wp:attachment":[{"href":"https:\/\/ayeletshlomo.com\/fr\/wp-json\/wp\/v2\/media?parent=986"}],"curies":[{"name":"wp","href":"https:\/\/api.w.org\/{rel}","templated":true}]}}