{"id":980,"date":"2023-05-19T12:13:19","date_gmt":"2023-05-19T12:13:19","guid":{"rendered":"https:\/\/ms.atarim.top\/ayeletshlomo\/?page_id=980"},"modified":"2023-08-07T12:03:40","modified_gmt":"2023-08-07T09:03:40","slug":"%d7%a9%d7%9e%d7%9c%d7%95%d7%aa-%d7%a2%d7%a8%d7%91-%d7%a6%d7%a0%d7%95%d7%a2%d7%95%d7%aa","status":"publish","type":"page","link":"https:\/\/ayeletshlomo.com\/fr\/%d7%a9%d7%9e%d7%9c%d7%95%d7%aa-%d7%a2%d7%a8%d7%91-%d7%a6%d7%a0%d7%95%d7%a2%d7%95%d7%aa\/","title":{"rendered":"Robes de soir\u00e9e modestes"},"content":{"rendered":"<p>Robes de soir\u00e9e modestes au design moderne et de haute qualit\u00e9. Une collection de robes de soir\u00e9e \u00e9l\u00e9gantes et modestes dans une vari\u00e9t\u00e9 de styles et de coupes. Personnalisation pour chaque client et chaque \u00e9v\u00e9nement. Des mat\u00e9riaux de qualit\u00e9, des finitions pr\u00e9cises et un souci du d\u00e9tail unique. D\u00e9couvrez une superbe robe dans des tailles modestes \u00e0 des prix abordables. Avec une robe de soir\u00e9e modeste et sophistiqu\u00e9e, vous serez parfaite \u00e0 n&#039;importe quel \u00e9v\u00e9nement.<\/p>","protected":false},"excerpt":{"rendered":"<p>Robes de soir\u00e9e modestes au design moderne et de haute qualit\u00e9. Une collection de robes de soir\u00e9e \u00e9l\u00e9gantes et modestes dans une vari\u00e9t\u00e9 de styles et de coupes. Personnalisation pour chaque client et chaque \u00e9v\u00e9nement. Des mat\u00e9riaux de qualit\u00e9, des finitions pr\u00e9cises et un souci du d\u00e9tail unique. D\u00e9couvrez une superbe robe dans des tailles modestes \u00e0 des prix abordables. Avec une robe de soir\u00e9e modeste et sophistiqu\u00e9e, vous serez parfaite \u00e0 n&#039;importe quel \u00e9v\u00e9nement.<\/p>","protected":false},"author":1003,"featured_media":3368,"parent":0,"menu_order":0,"comment_status":"closed","ping_status":"closed","template":"","meta":{"_acf_changed":false,"_joinchat":{"message_send":"\u05d4\u05d9\u05d9 \u05d0\u05d9\u05d9\u05dc\u05ea, \u05e8\u05d0\u05d9\u05ea\u05d9 \u05d1\u05d0\u05ea\u05e8 \u05e9\u05dc\u05da \u05e9\u05de\u05dc\u05ea \u05e2\u05e8\u05d1 \u05e9\u05de\u05d0\u05d3 \u05de\u05e6\u05d0\u05d4 \u05d7\u05df \u05d1\u05e2\u05d9\u05e0\u05d9, \u05d4\u05d9\u05d9\u05ea\u05d9 \u05e8\u05d5\u05e6\u05d4 \u05dc\u05e9\u05de\u05d5\u05e2 \u05e2\u05d5\u05d3"},"footnotes":""},"class_list":["post-980","page","type-page","status-publish","has-post-thumbnail","hentry"],"acf":[],"yoast_head":"<!-- This site is optimized with the Yoast SEO Premium plugin v24.8 (Yoast SEO v27.3) - https:\/\/yoast.com\/product\/yoast-seo-premium-wordpress\/ -->\n<title>\u05e9\u05de\u05dc\u05d5\u05ea \u05e2\u05e8\u05d1 \u05e6\u05e0\u05d5\u05e2\u05d5\u05ea - \u05e9\u05de\u05dc\u05d5\u05ea \u05db\u05dc\u05d4 \u05d5\u05e9\u05de\u05dc\u05d5\u05ea \u05e2\u05e8\u05d1 \u05e6\u05e0\u05d5\u05e2\u05d5\u05ea - \u05d0\u05d9\u05d9\u05dc\u05ea \u05e9\u05dc\u05de\u05d4<\/title>\n<meta name=\"description\" content=\"\u05e9\u05de\u05dc\u05d5\u05ea \u05e2\u05e8\u05d1 \u05e6\u05e0\u05d5\u05e2\u05d5\u05ea \u05d1\u05e2\u05d9\u05e6\u05d5\u05d1 \u05de\u05d5\u05d3\u05e8\u05e0\u05d9 \u05d5\u05d0\u05d9\u05db\u05d5\u05ea\u05d9. \u05e7\u05d5\u05dc\u05e7\u05e6\u05d9\u05d9\u05ea \u05e9\u05de\u05dc\u05d5\u05ea \u05e2\u05e8\u05d1 \u05e6\u05e0\u05d5\u05e2\u05d5\u05ea \u05d1\u05e1\u05d8\u05d9\u05d9\u05dc \u05d1\u05de\u05d2\u05d5\u05d5\u05df \u05e1\u05d2\u05e0\u05d5\u05e0\u05d5\u05ea \u05d5\u05d2\u05d6\u05e8\u05d5\u05ea. \u05d4\u05ea\u05d0\u05de\u05d4 \u05d0\u05d9\u05e9\u05d9\u05ea \u05dc\u05db\u05dc \u05dc\u05e7\u05d5\u05d7 \u05d5\u05db\u05dc \u05d0\u05d9\u05e8\u05d5\u05e2.\" \/>\n<meta name=\"robots\" content=\"index, follow, max-snippet:-1, max-image-preview:large, max-video-preview:-1\" \/>\n<link rel=\"canonical\" href=\"https:\/\/ayeletshlomo.com\/fr\/\u05e9\u05de\u05dc\u05d5\u05ea-\u05e2\u05e8\u05d1-\u05e6\u05e0\u05d5\u05e2\u05d5\u05ea\/\" \/>\n<meta property=\"og:locale\" content=\"fr_FR\" \/>\n<meta property=\"og:type\" content=\"article\" \/>\n<meta property=\"og:title\" content=\"\u05e9\u05de\u05dc\u05d5\u05ea \u05e2\u05e8\u05d1 \u05e6\u05e0\u05d5\u05e2\u05d5\u05ea\" \/>\n<meta property=\"og:description\" content=\"\u05e9\u05de\u05dc\u05d5\u05ea \u05e2\u05e8\u05d1 \u05e6\u05e0\u05d5\u05e2\u05d5\u05ea \u05d1\u05e2\u05d9\u05e6\u05d5\u05d1 \u05de\u05d5\u05d3\u05e8\u05e0\u05d9 \u05d5\u05d0\u05d9\u05db\u05d5\u05ea\u05d9. \u05e7\u05d5\u05dc\u05e7\u05e6\u05d9\u05d9\u05ea \u05e9\u05de\u05dc\u05d5\u05ea \u05e2\u05e8\u05d1 \u05e6\u05e0\u05d5\u05e2\u05d5\u05ea \u05d1\u05e1\u05d8\u05d9\u05d9\u05dc \u05d1\u05de\u05d2\u05d5\u05d5\u05df \u05e1\u05d2\u05e0\u05d5\u05e0\u05d5\u05ea \u05d5\u05d2\u05d6\u05e8\u05d5\u05ea. \u05d4\u05ea\u05d0\u05de\u05d4 \u05d0\u05d9\u05e9\u05d9\u05ea \u05dc\u05db\u05dc \u05dc\u05e7\u05d5\u05d7 \u05d5\u05db\u05dc \u05d0\u05d9\u05e8\u05d5\u05e2.\" \/>\n<meta property=\"og:url\" content=\"https:\/\/ayeletshlomo.com\/fr\/\u05e9\u05de\u05dc\u05d5\u05ea-\u05e2\u05e8\u05d1-\u05e6\u05e0\u05d5\u05e2\u05d5\u05ea\/\" \/>\n<meta property=\"og:site_name\" content=\"\u05e9\u05de\u05dc\u05d5\u05ea \u05db\u05dc\u05d4 \u05d5\u05e9\u05de\u05dc\u05d5\u05ea \u05e2\u05e8\u05d1 \u05e6\u05e0\u05d5\u05e2\u05d5\u05ea - \u05d0\u05d9\u05d9\u05dc\u05ea \u05e9\u05dc\u05de\u05d4\" \/>\n<meta property=\"article:publisher\" content=\"https:\/\/www.facebook.com\/boikala\" \/>\n<meta property=\"article:modified_time\" content=\"2023-08-07T09:03:40+00:00\" \/>\n<meta property=\"og:image\" content=\"https:\/\/ayeletshlomo.com\/wp-content\/uploads\/sites\/21\/2023\/07\/modest_evening_dresses_ayelet_shlomo_bnei_brak-28.jpg\" \/>\n\t<meta property=\"og:image:width\" content=\"1024\" \/>\n\t<meta property=\"og:image:height\" content=\"1024\" \/>\n\t<meta property=\"og:image:type\" content=\"image\/jpeg\" \/>\n<meta name=\"twitter:card\" content=\"summary_large_image\" \/>\n<meta name=\"twitter:label1\" content=\"Dur\u00e9e de lecture estim\u00e9e\" \/>\n\t<meta name=\"twitter:data1\" content=\"1 minute\" \/>\n<script type=\"application\/ld+json\" class=\"yoast-schema-graph\">{\"@context\":\"https:\\\/\\\/schema.org\",\"@graph\":[{\"@type\":\"WebPage\",\"@id\":\"https:\\\/\\\/ayeletshlomo.com\\\/%d7%a9%d7%9e%d7%9c%d7%95%d7%aa-%d7%a2%d7%a8%d7%91-%d7%a6%d7%a0%d7%95%d7%a2%d7%95%d7%aa\\\/\",\"url\":\"https:\\\/\\\/ayeletshlomo.com\\\/%d7%a9%d7%9e%d7%9c%d7%95%d7%aa-%d7%a2%d7%a8%d7%91-%d7%a6%d7%a0%d7%95%d7%a2%d7%95%d7%aa\\\/\",\"name\":\"\u05e9\u05de\u05dc\u05d5\u05ea \u05e2\u05e8\u05d1 \u05e6\u05e0\u05d5\u05e2\u05d5\u05ea - \u05e9\u05de\u05dc\u05d5\u05ea \u05db\u05dc\u05d4 \u05d5\u05e9\u05de\u05dc\u05d5\u05ea \u05e2\u05e8\u05d1 \u05e6\u05e0\u05d5\u05e2\u05d5\u05ea - \u05d0\u05d9\u05d9\u05dc\u05ea \u05e9\u05dc\u05de\u05d4\",\"isPartOf\":{\"@id\":\"https:\\\/\\\/ayeletshlomo.com\\\/#website\"},\"primaryImageOfPage\":{\"@id\":\"https:\\\/\\\/ayeletshlomo.com\\\/%d7%a9%d7%9e%d7%9c%d7%95%d7%aa-%d7%a2%d7%a8%d7%91-%d7%a6%d7%a0%d7%95%d7%a2%d7%95%d7%aa\\\/#primaryimage\"},\"image\":{\"@id\":\"https:\\\/\\\/ayeletshlomo.com\\\/%d7%a9%d7%9e%d7%9c%d7%95%d7%aa-%d7%a2%d7%a8%d7%91-%d7%a6%d7%a0%d7%95%d7%a2%d7%95%d7%aa\\\/#primaryimage\"},\"thumbnailUrl\":\"https:\\\/\\\/ayeletshlomo.com\\\/wp-content\\\/uploads\\\/sites\\\/21\\\/2023\\\/07\\\/modest_evening_dresses_ayelet_shlomo_bnei_brak-28.jpg\",\"datePublished\":\"2023-05-19T12:13:19+00:00\",\"dateModified\":\"2023-08-07T09:03:40+00:00\",\"description\":\"\u05e9\u05de\u05dc\u05d5\u05ea \u05e2\u05e8\u05d1 \u05e6\u05e0\u05d5\u05e2\u05d5\u05ea \u05d1\u05e2\u05d9\u05e6\u05d5\u05d1 \u05de\u05d5\u05d3\u05e8\u05e0\u05d9 \u05d5\u05d0\u05d9\u05db\u05d5\u05ea\u05d9. \u05e7\u05d5\u05dc\u05e7\u05e6\u05d9\u05d9\u05ea \u05e9\u05de\u05dc\u05d5\u05ea \u05e2\u05e8\u05d1 \u05e6\u05e0\u05d5\u05e2\u05d5\u05ea \u05d1\u05e1\u05d8\u05d9\u05d9\u05dc \u05d1\u05de\u05d2\u05d5\u05d5\u05df \u05e1\u05d2\u05e0\u05d5\u05e0\u05d5\u05ea \u05d5\u05d2\u05d6\u05e8\u05d5\u05ea. \u05d4\u05ea\u05d0\u05de\u05d4 \u05d0\u05d9\u05e9\u05d9\u05ea \u05dc\u05db\u05dc \u05dc\u05e7\u05d5\u05d7 \u05d5\u05db\u05dc \u05d0\u05d9\u05e8\u05d5\u05e2.\",\"breadcrumb\":{\"@id\":\"https:\\\/\\\/ayeletshlomo.com\\\/%d7%a9%d7%9e%d7%9c%d7%95%d7%aa-%d7%a2%d7%a8%d7%91-%d7%a6%d7%a0%d7%95%d7%a2%d7%95%d7%aa\\\/#breadcrumb\"},\"inLanguage\":\"fr-FR\",\"potentialAction\":[{\"@type\":\"ReadAction\",\"target\":[\"https:\\\/\\\/ayeletshlomo.com\\\/%d7%a9%d7%9e%d7%9c%d7%95%d7%aa-%d7%a2%d7%a8%d7%91-%d7%a6%d7%a0%d7%95%d7%a2%d7%95%d7%aa\\\/\"]}]},{\"@type\":\"ImageObject\",\"inLanguage\":\"fr-FR\",\"@id\":\"https:\\\/\\\/ayeletshlomo.com\\\/%d7%a9%d7%9e%d7%9c%d7%95%d7%aa-%d7%a2%d7%a8%d7%91-%d7%a6%d7%a0%d7%95%d7%a2%d7%95%d7%aa\\\/#primaryimage\",\"url\":\"https:\\\/\\\/ayeletshlomo.com\\\/wp-content\\\/uploads\\\/sites\\\/21\\\/2023\\\/07\\\/modest_evening_dresses_ayelet_shlomo_bnei_brak-28.jpg\",\"contentUrl\":\"https:\\\/\\\/ayeletshlomo.com\\\/wp-content\\\/uploads\\\/sites\\\/21\\\/2023\\\/07\\\/modest_evening_dresses_ayelet_shlomo_bnei_brak-28.jpg\",\"width\":1024,\"height\":1024,\"caption\":\"modest_evening_dresses_ayelet_shlomo_bnei_brak (28)\"},{\"@type\":\"BreadcrumbList\",\"@id\":\"https:\\\/\\\/ayeletshlomo.com\\\/%d7%a9%d7%9e%d7%9c%d7%95%d7%aa-%d7%a2%d7%a8%d7%91-%d7%a6%d7%a0%d7%95%d7%a2%d7%95%d7%aa\\\/#breadcrumb\",\"itemListElement\":[{\"@type\":\"ListItem\",\"position\":1,\"name\":\"\u05d3\u05e3 \u05d4\u05d1\u05d9\u05ea\",\"item\":\"https:\\\/\\\/ayeletshlomo.com\\\/\"},{\"@type\":\"ListItem\",\"position\":2,\"name\":\"\u05e9\u05de\u05dc\u05d5\u05ea \u05e2\u05e8\u05d1 \u05e6\u05e0\u05d5\u05e2\u05d5\u05ea\"}]},{\"@type\":\"WebSite\",\"@id\":\"https:\\\/\\\/ayeletshlomo.com\\\/#website\",\"url\":\"https:\\\/\\\/ayeletshlomo.com\\\/\",\"name\":\"\u05e9\u05de\u05dc\u05d5\u05ea \u05db\u05dc\u05d4 \u05d5\u05e9\u05de\u05dc\u05d5\u05ea \u05e2\u05e8\u05d1 \u05e6\u05e0\u05d5\u05e2\u05d5\u05ea - \u05d0\u05d9\u05d9\u05dc\u05ea \u05e9\u05dc\u05de\u05d4\",\"description\":\"\u05e1\u05dc\u05d5\u05df \u05db\u05dc\u05d5\u05ea \u05dc\u05e9\u05de\u05dc\u05d5\u05ea \u05db\u05dc\u05d4 \u05d5\u05e2\u05e8\u05d1 \u05e6\u05e0\u05d5\u05e2\u05d5\u05ea - \u05d0\u05d9\u05d9\u05dc\u05ea \u05e9\u05dc\u05de\u05d4. \u05e2\u05d9\u05e6\u05d5\u05d1 \u05de\u05d5\u05ea\u05d0\u05dd \u05d0\u05d9\u05e9\u05d9\u05ea, \u05de\u05db\u05d9\u05e8\u05d4 \u05d5\u05d4\u05e9\u05db\u05e8\u05d4 \u05e9\u05dc \u05e9\u05de\u05dc\u05d5\u05ea \u05db\u05dc\u05d4 \u05e6\u05e0\u05d5\u05e2\u05d5\u05ea, \u05ea\u05e4\u05d9\u05e8\u05d4 \u05d1\u05e2\u05d9\u05e6\u05d5\u05d1 \u05d0\u05d9\u05e9\u05d9 \u05e9\u05dc \u05e9\u05de\u05dc\u05d5\u05ea \u05e2\u05e8\u05d1 \u05d1\u05d0\u05d9\u05db\u05d5\u05ea \u05d2\u05d1\u05d5\u05d4\u05d4, \u05e2\u05dd \u05e0\u05d9\u05e1\u05d9\u05d5\u05df \u05de\u05e2\u05dc 20 \u05e9\u05e0\u05d4 \u05d1\u05de\u05d2\u05d6\u05e8 \u05d4\u05d7\u05e8\u05d3\u05d9 \u05d5\u05d4\u05d3\u05ea\u05d9, \u05e9\u05d9\u05e8\u05d5\u05ea \u05d0\u05d9\u05e9\u05d9. \u05de\u05e6\u05d0\u05d5 \u05d0\u05ea \u05d4\u05e9\u05de\u05dc\u05d4 \u05d4\u05de\u05d5\u05e9\u05dc\u05de\u05ea \u05d5\u05e7\u05d1\u05dc\u05d5 \u05de\u05e8\u05d0\u05d4 \u05de\u05d5\u05e9\u05da \u05d1\u05db\u05dc \u05d0\u05d9\u05e8\u05d5\u05e2.\",\"publisher\":{\"@id\":\"https:\\\/\\\/ayeletshlomo.com\\\/#organization\"},\"potentialAction\":[{\"@type\":\"SearchAction\",\"target\":{\"@type\":\"EntryPoint\",\"urlTemplate\":\"https:\\\/\\\/ayeletshlomo.com\\\/?s={search_term_string}\"},\"query-input\":{\"@type\":\"PropertyValueSpecification\",\"valueRequired\":true,\"valueName\":\"search_term_string\"}}],\"inLanguage\":\"fr-FR\"},{\"@type\":\"Organization\",\"@id\":\"https:\\\/\\\/ayeletshlomo.com\\\/#organization\",\"name\":\"\u05e9\u05de\u05dc\u05d5\u05ea \u05db\u05dc\u05d4 \u05e6\u05e0\u05d5\u05e2\u05d5\u05ea - \u05d0\u05d9\u05d9\u05dc\u05ea \u05e9\u05dc\u05de\u05d4\",\"alternateName\":\"\u05e1\u05dc\u05d5\u05df \u05db\u05dc\u05d5\u05ea - \u05d0\u05d9\u05d9\u05dc\u05ea \u05e9\u05dc\u05de\u05d4\",\"url\":\"https:\\\/\\\/ayeletshlomo.com\\\/\",\"logo\":{\"@type\":\"ImageObject\",\"inLanguage\":\"fr-FR\",\"@id\":\"https:\\\/\\\/ayeletshlomo.com\\\/#\\\/schema\\\/logo\\\/image\\\/\",\"url\":\"https:\\\/\\\/ayeletshlomo.com\\\/wp-content\\\/uploads\\\/sites\\\/21\\\/2023\\\/05\\\/1000x1000-logo-01.jpg\",\"contentUrl\":\"https:\\\/\\\/ayeletshlomo.com\\\/wp-content\\\/uploads\\\/sites\\\/21\\\/2023\\\/05\\\/1000x1000-logo-01.jpg\",\"width\":2201,\"height\":2201,\"caption\":\"\u05e9\u05de\u05dc\u05d5\u05ea \u05db\u05dc\u05d4 \u05e6\u05e0\u05d5\u05e2\u05d5\u05ea - \u05d0\u05d9\u05d9\u05dc\u05ea \u05e9\u05dc\u05de\u05d4\"},\"image\":{\"@id\":\"https:\\\/\\\/ayeletshlomo.com\\\/#\\\/schema\\\/logo\\\/image\\\/\"},\"sameAs\":[\"https:\\\/\\\/www.facebook.com\\\/boikala\",\"https:\\\/\\\/www.youtube.com\\\/@ayeletshlomo\"]}]}<\/script>\n<!-- \/ Yoast SEO Premium plugin. -->","yoast_head_json":{"title":"Robes de soir\u00e9e modestes - Robes de mari\u00e9e et robes de soir\u00e9e modestes - Ayelet Shlomo","description":"Robes de soir\u00e9e modestes au design moderne et de haute qualit\u00e9. Une collection de robes de soir\u00e9e \u00e9l\u00e9gantes et modestes dans une vari\u00e9t\u00e9 de styles et de coupes. Personnalisation pour chaque client et chaque \u00e9v\u00e9nement.","robots":{"index":"index","follow":"follow","max-snippet":"max-snippet:-1","max-image-preview":"max-image-preview:large","max-video-preview":"max-video-preview:-1"},"canonical":"https:\/\/ayeletshlomo.com\/fr\/\u05e9\u05de\u05dc\u05d5\u05ea-\u05e2\u05e8\u05d1-\u05e6\u05e0\u05d5\u05e2\u05d5\u05ea\/","og_locale":"fr_FR","og_type":"article","og_title":"\u05e9\u05de\u05dc\u05d5\u05ea \u05e2\u05e8\u05d1 \u05e6\u05e0\u05d5\u05e2\u05d5\u05ea","og_description":"\u05e9\u05de\u05dc\u05d5\u05ea \u05e2\u05e8\u05d1 \u05e6\u05e0\u05d5\u05e2\u05d5\u05ea \u05d1\u05e2\u05d9\u05e6\u05d5\u05d1 \u05de\u05d5\u05d3\u05e8\u05e0\u05d9 \u05d5\u05d0\u05d9\u05db\u05d5\u05ea\u05d9. \u05e7\u05d5\u05dc\u05e7\u05e6\u05d9\u05d9\u05ea \u05e9\u05de\u05dc\u05d5\u05ea \u05e2\u05e8\u05d1 \u05e6\u05e0\u05d5\u05e2\u05d5\u05ea \u05d1\u05e1\u05d8\u05d9\u05d9\u05dc \u05d1\u05de\u05d2\u05d5\u05d5\u05df \u05e1\u05d2\u05e0\u05d5\u05e0\u05d5\u05ea \u05d5\u05d2\u05d6\u05e8\u05d5\u05ea. \u05d4\u05ea\u05d0\u05de\u05d4 \u05d0\u05d9\u05e9\u05d9\u05ea \u05dc\u05db\u05dc \u05dc\u05e7\u05d5\u05d7 \u05d5\u05db\u05dc \u05d0\u05d9\u05e8\u05d5\u05e2.","og_url":"https:\/\/ayeletshlomo.com\/fr\/\u05e9\u05de\u05dc\u05d5\u05ea-\u05e2\u05e8\u05d1-\u05e6\u05e0\u05d5\u05e2\u05d5\u05ea\/","og_site_name":"\u05e9\u05de\u05dc\u05d5\u05ea \u05db\u05dc\u05d4 \u05d5\u05e9\u05de\u05dc\u05d5\u05ea \u05e2\u05e8\u05d1 \u05e6\u05e0\u05d5\u05e2\u05d5\u05ea - \u05d0\u05d9\u05d9\u05dc\u05ea \u05e9\u05dc\u05de\u05d4","article_publisher":"https:\/\/www.facebook.com\/boikala","article_modified_time":"2023-08-07T09:03:40+00:00","og_image":[{"width":1024,"height":1024,"url":"https:\/\/ayeletshlomo.com\/wp-content\/uploads\/sites\/21\/2023\/07\/modest_evening_dresses_ayelet_shlomo_bnei_brak-28.jpg","type":"image\/jpeg"}],"twitter_card":"summary_large_image","twitter_misc":{"Dur\u00e9e de lecture estim\u00e9e":"1 minute"},"schema":{"@context":"https:\/\/schema.org","@graph":[{"@type":"WebPage","@id":"https:\/\/ayeletshlomo.com\/%d7%a9%d7%9e%d7%9c%d7%95%d7%aa-%d7%a2%d7%a8%d7%91-%d7%a6%d7%a0%d7%95%d7%a2%d7%95%d7%aa\/","url":"https:\/\/ayeletshlomo.com\/%d7%a9%d7%9e%d7%9c%d7%95%d7%aa-%d7%a2%d7%a8%d7%91-%d7%a6%d7%a0%d7%95%d7%a2%d7%95%d7%aa\/","name":"Robes de soir\u00e9e modestes - Robes de mari\u00e9e et robes de soir\u00e9e modestes - Ayelet Shlomo","isPartOf":{"@id":"https:\/\/ayeletshlomo.com\/#website"},"primaryImageOfPage":{"@id":"https:\/\/ayeletshlomo.com\/%d7%a9%d7%9e%d7%9c%d7%95%d7%aa-%d7%a2%d7%a8%d7%91-%d7%a6%d7%a0%d7%95%d7%a2%d7%95%d7%aa\/#primaryimage"},"image":{"@id":"https:\/\/ayeletshlomo.com\/%d7%a9%d7%9e%d7%9c%d7%95%d7%aa-%d7%a2%d7%a8%d7%91-%d7%a6%d7%a0%d7%95%d7%a2%d7%95%d7%aa\/#primaryimage"},"thumbnailUrl":"https:\/\/ayeletshlomo.com\/wp-content\/uploads\/sites\/21\/2023\/07\/modest_evening_dresses_ayelet_shlomo_bnei_brak-28.jpg","datePublished":"2023-05-19T12:13:19+00:00","dateModified":"2023-08-07T09:03:40+00:00","description":"Robes de soir\u00e9e modestes au design moderne et de haute qualit\u00e9. Une collection de robes de soir\u00e9e \u00e9l\u00e9gantes et modestes dans une vari\u00e9t\u00e9 de styles et de coupes. Personnalisation pour chaque client et chaque \u00e9v\u00e9nement.","breadcrumb":{"@id":"https:\/\/ayeletshlomo.com\/%d7%a9%d7%9e%d7%9c%d7%95%d7%aa-%d7%a2%d7%a8%d7%91-%d7%a6%d7%a0%d7%95%d7%a2%d7%95%d7%aa\/#breadcrumb"},"inLanguage":"fr-FR","potentialAction":[{"@type":"ReadAction","target":["https:\/\/ayeletshlomo.com\/%d7%a9%d7%9e%d7%9c%d7%95%d7%aa-%d7%a2%d7%a8%d7%91-%d7%a6%d7%a0%d7%95%d7%a2%d7%95%d7%aa\/"]}]},{"@type":"ImageObject","inLanguage":"fr-FR","@id":"https:\/\/ayeletshlomo.com\/%d7%a9%d7%9e%d7%9c%d7%95%d7%aa-%d7%a2%d7%a8%d7%91-%d7%a6%d7%a0%d7%95%d7%a2%d7%95%d7%aa\/#primaryimage","url":"https:\/\/ayeletshlomo.com\/wp-content\/uploads\/sites\/21\/2023\/07\/modest_evening_dresses_ayelet_shlomo_bnei_brak-28.jpg","contentUrl":"https:\/\/ayeletshlomo.com\/wp-content\/uploads\/sites\/21\/2023\/07\/modest_evening_dresses_ayelet_shlomo_bnei_brak-28.jpg","width":1024,"height":1024,"caption":"modest_evening_dresses_ayelet_shlomo_bnei_brak (28)"},{"@type":"BreadcrumbList","@id":"https:\/\/ayeletshlomo.com\/%d7%a9%d7%9e%d7%9c%d7%95%d7%aa-%d7%a2%d7%a8%d7%91-%d7%a6%d7%a0%d7%95%d7%a2%d7%95%d7%aa\/#breadcrumb","itemListElement":[{"@type":"ListItem","position":1,"name":"\u05d3\u05e3 \u05d4\u05d1\u05d9\u05ea","item":"https:\/\/ayeletshlomo.com\/"},{"@type":"ListItem","position":2,"name":"\u05e9\u05de\u05dc\u05d5\u05ea \u05e2\u05e8\u05d1 \u05e6\u05e0\u05d5\u05e2\u05d5\u05ea"}]},{"@type":"WebSite","@id":"https:\/\/ayeletshlomo.com\/#website","url":"https:\/\/ayeletshlomo.com\/","name":"Robes de mari\u00e9e et robes de soir\u00e9e modestes - Ayelet Shlomo","description":"Salon de mari\u00e9e pour robes de mari\u00e9e et de soir\u00e9e modestes - Ayelet Shlomo. Conception sur mesure, vente et location de robes de mari\u00e9e modestes, couture sur mesure de robes de soir\u00e9e de haute qualit\u00e9, avec plus de 20 ans d&#039;exp\u00e9rience dans le secteur Haredi et religieux, service personnalis\u00e9. Trouvez la robe parfaite et soyez attrayant \u00e0 n&#039;importe quel \u00e9v\u00e9nement.","publisher":{"@id":"https:\/\/ayeletshlomo.com\/#organization"},"potentialAction":[{"@type":"SearchAction","target":{"@type":"EntryPoint","urlTemplate":"https:\/\/ayeletshlomo.com\/?s={search_term_string}"},"query-input":{"@type":"PropertyValueSpecification","valueRequired":true,"valueName":"search_term_string"}}],"inLanguage":"fr-FR"},{"@type":"Organization","@id":"https:\/\/ayeletshlomo.com\/#organization","name":"Robes de mari\u00e9e modestes \u2013 Ayelet Shlomo","alternateName":"\u05e1\u05dc\u05d5\u05df \u05db\u05dc\u05d5\u05ea - \u05d0\u05d9\u05d9\u05dc\u05ea \u05e9\u05dc\u05de\u05d4","url":"https:\/\/ayeletshlomo.com\/","logo":{"@type":"ImageObject","inLanguage":"fr-FR","@id":"https:\/\/ayeletshlomo.com\/#\/schema\/logo\/image\/","url":"https:\/\/ayeletshlomo.com\/wp-content\/uploads\/sites\/21\/2023\/05\/1000x1000-logo-01.jpg","contentUrl":"https:\/\/ayeletshlomo.com\/wp-content\/uploads\/sites\/21\/2023\/05\/1000x1000-logo-01.jpg","width":2201,"height":2201,"caption":"\u05e9\u05de\u05dc\u05d5\u05ea \u05db\u05dc\u05d4 \u05e6\u05e0\u05d5\u05e2\u05d5\u05ea - \u05d0\u05d9\u05d9\u05dc\u05ea \u05e9\u05dc\u05de\u05d4"},"image":{"@id":"https:\/\/ayeletshlomo.com\/#\/schema\/logo\/image\/"},"sameAs":["https:\/\/www.facebook.com\/boikala","https:\/\/www.youtube.com\/@ayeletshlomo"]}]}},"_links":{"self":[{"href":"https:\/\/ayeletshlomo.com\/fr\/wp-json\/wp\/v2\/pages\/980","targetHints":{"allow":["GET"]}}],"collection":[{"href":"https:\/\/ayeletshlomo.com\/fr\/wp-json\/wp\/v2\/pages"}],"about":[{"href":"https:\/\/ayeletshlomo.com\/fr\/wp-json\/wp\/v2\/types\/page"}],"author":[{"embeddable":true,"href":"https:\/\/ayeletshlomo.com\/fr\/wp-json\/wp\/v2\/users\/1003"}],"replies":[{"embeddable":true,"href":"https:\/\/ayeletshlomo.com\/fr\/wp-json\/wp\/v2\/comments?post=980"}],"version-history":[{"count":2,"href":"https:\/\/ayeletshlomo.com\/fr\/wp-json\/wp\/v2\/pages\/980\/revisions"}],"predecessor-version":[{"id":997,"href":"https:\/\/ayeletshlomo.com\/fr\/wp-json\/wp\/v2\/pages\/980\/revisions\/997"}],"wp:featuredmedia":[{"embeddable":true,"href":"https:\/\/ayeletshlomo.com\/fr\/wp-json\/wp\/v2\/media\/3368"}],"wp:attachment":[{"href":"https:\/\/ayeletshlomo.com\/fr\/wp-json\/wp\/v2\/media?parent=980"}],"curies":[{"name":"wp","href":"https:\/\/api.w.org\/{rel}","templated":true}]}}