{"id":31,"date":"2023-05-17T11:38:13","date_gmt":"2023-05-17T11:38:13","guid":{"rendered":"https:\/\/ms.atarim.top\/ayeletshlomo\/?page_id=31"},"modified":"2023-07-31T22:07:57","modified_gmt":"2023-07-31T19:07:57","slug":"%d7%93%d7%a3-%d7%94%d7%91%d7%99%d7%aa","status":"publish","type":"page","link":"https:\/\/ayeletshlomo.com\/fr\/","title":{"rendered":"Page d&#039;accueil"},"content":{"rendered":"<p><strong>Ayelet Shlomo<\/strong> - Un salon de mariage recommand\u00e9 sp\u00e9cialis\u00e9 dans les robes de mari\u00e9e et de soir\u00e9e modestes, cousues selon le design et le go\u00fbt personnel de chaque mari\u00e9e. Dans le salon, vous trouverez un riche choix de robes de mari\u00e9e modestes et de robes de soir\u00e9e spectaculaires, faites \u00e0 la main et de la plus haute qualit\u00e9. Les robes sont con\u00e7ues avec un design sp\u00e9cial et un go\u00fbt personnel, \u00e0 partir de tissus de haute qualit\u00e9 et \u00e0 la mode. De plus, lors de la location d&#039;une robe de mari\u00e9e, toutes les modifications ou ajouts peuvent \u00eatre personnalis\u00e9s en fonction des besoins personnels. Au salon Ayelet Shlomo, nous nous engageons \u00e0 offrir une exp\u00e9rience de couture unique et personnalis\u00e9e \u00e0 nos pr\u00e9cieuses mari\u00e9es. Profitez de la s\u00e9lection des robes les plus \u00e9tonnantes et de la plus haute qualit\u00e9, appelez d\u00e8s aujourd&#039;hui pour prendre rendez-vous. Ayelet Shlomo - plus de 20 ans d&#039;exp\u00e9rience dans la communaut\u00e9 ultra-orthodoxe et religieuse !<\/p>","protected":false},"excerpt":{"rendered":"<p>\u05d0\u05d9\u05d9\u05dc\u05ea \u05e9\u05dc\u05de\u05d4 - \u05e1\u05dc\u05d5\u05df \u05db\u05dc\u05d5\u05ea \u05de\u05d5\u05de\u05dc\u05e5 \u05d4\u05de\u05ea\u05de\u05d7\u05d4 \u05d1\u05e9\u05de\u05dc\u05d5\u05ea \u05db\u05dc\u05d4 \u05d5\u05e2\u05e8\u05d1 \u05e6\u05e0\u05d5\u05e2\u05d5\u05ea, \u05e0\u05ea\u05e4\u05e8\u05d5\u05ea \u05dc\u05e4\u05d9 \u05e2\u05d9\u05e6\u05d5\u05d1 \u05d5\u05d8\u05e2\u05dd \u05d0\u05d9\u05e9\u05d9 \u05e9\u05dc \u05db\u05dc \u05db\u05dc\u05d4. \u05d1\u05e1\u05dc\u05d5\u05df \u05e0\u05d9\u05ea\u05df \u05dc\u05de\u05e6\u05d5\u05d0 \u05de\u05d1\u05d7\u05e8 \u05e2\u05e9\u05d9\u05e8 \u05e9\u05dc \u05e9\u05de\u05dc\u05d5\u05ea \u05db\u05dc\u05d4 \u05e6\u05e0\u05d5\u05e2\u05d5\u05ea \u05d5\u05e9\u05de\u05dc\u05d5\u05ea \u05e2\u05e8\u05d1 \u05de\u05e8\u05d4\u05d9\u05d1\u05d5\u05ea, \u05de\u05d9\u05d5\u05e6\u05e8\u05d5\u05ea \u05d1\u05e2\u05d1\u05d5\u05d3\u05ea \u05d9\u05d3 \u05d5\u05d1\u05d0\u05d9\u05db\u05d5\u05ea \u05d4\u05d2\u05d1\u05d5\u05d4\u05d4 \u05d1\u05d9\u05d5\u05ea\u05e8. \u05d4\u05e9\u05de\u05dc\u05d5\u05ea \u05de\u05e2\u05d5\u05e6\u05d1\u05d5\u05ea \u05d1\u05e2\u05d9\u05e6\u05d5\u05d1 \u05de\u05d9\u05d5\u05d7\u05d3 \u05d5\u05d8\u05e2\u05dd \u05d0\u05d9\u05e9\u05d9, \u05de\u05d1\u05d3\u05d9\u05dd \u05d0\u05d9\u05db\u05d5\u05ea\u05d9\u05d9\u05dd \u05d5\u05d0\u05d5\u05e4\u05e0\u05ea\u05d9\u05d9\u05dd, \u05d1\u05e0\u05d5\u05e1\u05e3 \u05d1\u05d4\u05e9\u05db\u05e8\u05ea \u05e9\u05de\u05dc\u05ea \u05db\u05dc\u05d4 \u05e0\u05d9\u05ea\u05df \u05dc\u05d4\u05ea\u05d0\u05d9\u05dd \u05db\u05dc \u05e9\u05d9\u05e0\u05d5\u05d9 \u05d0\u05d5 [&hellip;]<\/p>\n","protected":false},"author":1003,"featured_media":4285,"parent":0,"menu_order":0,"comment_status":"closed","ping_status":"closed","template":"","meta":{"_acf_changed":false,"_joinchat":[],"footnotes":""},"class_list":["post-31","page","type-page","status-publish","has-post-thumbnail","hentry"],"acf":[],"yoast_head":"<!-- This site is optimized with the Yoast SEO Premium plugin v24.8 (Yoast SEO v27.3) - https:\/\/yoast.com\/product\/yoast-seo-premium-wordpress\/ -->\n<title>\u05d3\u05e3 \u05d4\u05d1\u05d9\u05ea - \u05e9\u05de\u05dc\u05d5\u05ea \u05db\u05dc\u05d4 \u05d5\u05e9\u05de\u05dc\u05d5\u05ea \u05e2\u05e8\u05d1 \u05e6\u05e0\u05d5\u05e2\u05d5\u05ea - \u05d0\u05d9\u05d9\u05dc\u05ea \u05e9\u05dc\u05de\u05d4<\/title>\n<meta name=\"description\" content=\"\u05e1\u05dc\u05d5\u05df \u05db\u05dc\u05d5\u05ea \u05de\u05d5\u05de\u05dc\u05e5 \u05d4\u05de\u05ea\u05de\u05d7\u05d4 \u05d1\u05e9\u05de\u05dc\u05d5\u05ea \u05db\u05dc\u05d4 \u05d5\u05e2\u05e8\u05d1 \u05e6\u05e0\u05d5\u05e2\u05d5\u05ea, \u05e2\u05e9\u05d5\u05d9\u05d5\u05ea \u05d1\u05de\u05d3\u05d9\u05d3\u05d4 \u05d0\u05d9\u05e9\u05d9\u05ea. \u05d1\u05e1\u05dc\u05d5\u05df \u05e0\u05d9\u05ea\u05df \u05dc\u05de\u05e6\u05d5\u05d0 \u05de\u05d1\u05d7\u05e8 \u05e2\u05e9\u05d9\u05e8 \u05e9\u05dc \u05e9\u05de\u05dc\u05d5\u05ea \u05e2\u05e8\u05d1 \u05e6\u05e0\u05d5\u05e2\u05d5\u05ea \u05d5\u05e9\u05de\u05dc\u05d5\u05ea \u05db\u05dc\u05d4 \u05de\u05e8\u05d4\u05d9\u05d1\u05d5\u05ea.\" \/>\n<meta name=\"robots\" content=\"index, follow, max-snippet:-1, max-image-preview:large, max-video-preview:-1\" \/>\n<link rel=\"canonical\" href=\"https:\/\/ayeletshlomo.com\/fr\/\" \/>\n<meta property=\"og:locale\" content=\"fr_FR\" \/>\n<meta property=\"og:type\" content=\"article\" \/>\n<meta property=\"og:title\" content=\"\u05d3\u05e3 \u05d4\u05d1\u05d9\u05ea\" \/>\n<meta property=\"og:description\" content=\"\u05e1\u05dc\u05d5\u05df \u05db\u05dc\u05d5\u05ea \u05de\u05d5\u05de\u05dc\u05e5 \u05d4\u05de\u05ea\u05de\u05d7\u05d4 \u05d1\u05e9\u05de\u05dc\u05d5\u05ea \u05db\u05dc\u05d4 \u05d5\u05e2\u05e8\u05d1 \u05e6\u05e0\u05d5\u05e2\u05d5\u05ea, \u05e2\u05e9\u05d5\u05d9\u05d5\u05ea \u05d1\u05de\u05d3\u05d9\u05d3\u05d4 \u05d0\u05d9\u05e9\u05d9\u05ea. \u05d1\u05e1\u05dc\u05d5\u05df \u05e0\u05d9\u05ea\u05df \u05dc\u05de\u05e6\u05d5\u05d0 \u05de\u05d1\u05d7\u05e8 \u05e2\u05e9\u05d9\u05e8 \u05e9\u05dc \u05e9\u05de\u05dc\u05d5\u05ea \u05e2\u05e8\u05d1 \u05e6\u05e0\u05d5\u05e2\u05d5\u05ea \u05d5\u05e9\u05de\u05dc\u05d5\u05ea \u05db\u05dc\u05d4 \u05de\u05e8\u05d4\u05d9\u05d1\u05d5\u05ea.\" \/>\n<meta property=\"og:url\" content=\"https:\/\/ayeletshlomo.com\/fr\/\" \/>\n<meta property=\"og:site_name\" content=\"\u05e9\u05de\u05dc\u05d5\u05ea \u05db\u05dc\u05d4 \u05d5\u05e9\u05de\u05dc\u05d5\u05ea \u05e2\u05e8\u05d1 \u05e6\u05e0\u05d5\u05e2\u05d5\u05ea - \u05d0\u05d9\u05d9\u05dc\u05ea \u05e9\u05dc\u05de\u05d4\" \/>\n<meta property=\"article:publisher\" content=\"https:\/\/www.facebook.com\/boikala\" \/>\n<meta property=\"article:modified_time\" content=\"2023-07-31T19:07:57+00:00\" \/>\n<meta property=\"og:image\" content=\"https:\/\/ayeletshlomo.com\/wp-content\/uploads\/sites\/21\/2023\/07\/\u05e9\u05de\u05dc\u05d5\u05ea-\u05db\u05dc\u05d4-\u05e6\u05e0\u05d5\u05e2\u05d5\u05ea-\u05d0\u05d9\u05d9\u05dc\u05ea-\u05e9\u05dc\u05de\u05d4-\u05d1\u05de\u05e8\u05db\u05d6-1-68.jpg\" \/>\n\t<meta property=\"og:image:width\" content=\"1456\" \/>\n\t<meta property=\"og:image:height\" content=\"816\" \/>\n\t<meta property=\"og:image:type\" content=\"image\/jpeg\" \/>\n<meta name=\"twitter:card\" content=\"summary_large_image\" \/>\n<meta name=\"twitter:label1\" content=\"Dur\u00e9e de lecture estim\u00e9e\" \/>\n\t<meta name=\"twitter:data1\" content=\"1 minute\" \/>\n<script type=\"application\/ld+json\" class=\"yoast-schema-graph\">{\"@context\":\"https:\\\/\\\/schema.org\",\"@graph\":[{\"@type\":\"WebPage\",\"@id\":\"https:\\\/\\\/ayeletshlomo.com\\\/\",\"url\":\"https:\\\/\\\/ayeletshlomo.com\\\/\",\"name\":\"\u05d3\u05e3 \u05d4\u05d1\u05d9\u05ea - \u05e9\u05de\u05dc\u05d5\u05ea \u05db\u05dc\u05d4 \u05d5\u05e9\u05de\u05dc\u05d5\u05ea \u05e2\u05e8\u05d1 \u05e6\u05e0\u05d5\u05e2\u05d5\u05ea - \u05d0\u05d9\u05d9\u05dc\u05ea \u05e9\u05dc\u05de\u05d4\",\"isPartOf\":{\"@id\":\"https:\\\/\\\/ayeletshlomo.com\\\/#website\"},\"primaryImageOfPage\":{\"@id\":\"https:\\\/\\\/ayeletshlomo.com\\\/#primaryimage\"},\"image\":{\"@id\":\"https:\\\/\\\/ayeletshlomo.com\\\/#primaryimage\"},\"thumbnailUrl\":\"https:\\\/\\\/ayeletshlomo.com\\\/wp-content\\\/uploads\\\/sites\\\/21\\\/2023\\\/07\\\/\u05e9\u05de\u05dc\u05d5\u05ea-\u05db\u05dc\u05d4-\u05e6\u05e0\u05d5\u05e2\u05d5\u05ea-\u05d0\u05d9\u05d9\u05dc\u05ea-\u05e9\u05dc\u05de\u05d4-\u05d1\u05de\u05e8\u05db\u05d6-1-68.jpg\",\"datePublished\":\"2023-05-17T11:38:13+00:00\",\"dateModified\":\"2023-07-31T19:07:57+00:00\",\"description\":\"\u05e1\u05dc\u05d5\u05df \u05db\u05dc\u05d5\u05ea \u05de\u05d5\u05de\u05dc\u05e5 \u05d4\u05de\u05ea\u05de\u05d7\u05d4 \u05d1\u05e9\u05de\u05dc\u05d5\u05ea \u05db\u05dc\u05d4 \u05d5\u05e2\u05e8\u05d1 \u05e6\u05e0\u05d5\u05e2\u05d5\u05ea, \u05e2\u05e9\u05d5\u05d9\u05d5\u05ea \u05d1\u05de\u05d3\u05d9\u05d3\u05d4 \u05d0\u05d9\u05e9\u05d9\u05ea. \u05d1\u05e1\u05dc\u05d5\u05df \u05e0\u05d9\u05ea\u05df \u05dc\u05de\u05e6\u05d5\u05d0 \u05de\u05d1\u05d7\u05e8 \u05e2\u05e9\u05d9\u05e8 \u05e9\u05dc \u05e9\u05de\u05dc\u05d5\u05ea \u05e2\u05e8\u05d1 \u05e6\u05e0\u05d5\u05e2\u05d5\u05ea \u05d5\u05e9\u05de\u05dc\u05d5\u05ea \u05db\u05dc\u05d4 \u05de\u05e8\u05d4\u05d9\u05d1\u05d5\u05ea.\",\"breadcrumb\":{\"@id\":\"https:\\\/\\\/ayeletshlomo.com\\\/#breadcrumb\"},\"inLanguage\":\"fr-FR\",\"potentialAction\":[{\"@type\":\"ReadAction\",\"target\":[\"https:\\\/\\\/ayeletshlomo.com\\\/\"]}]},{\"@type\":\"ImageObject\",\"inLanguage\":\"fr-FR\",\"@id\":\"https:\\\/\\\/ayeletshlomo.com\\\/#primaryimage\",\"url\":\"https:\\\/\\\/ayeletshlomo.com\\\/wp-content\\\/uploads\\\/sites\\\/21\\\/2023\\\/07\\\/\u05e9\u05de\u05dc\u05d5\u05ea-\u05db\u05dc\u05d4-\u05e6\u05e0\u05d5\u05e2\u05d5\u05ea-\u05d0\u05d9\u05d9\u05dc\u05ea-\u05e9\u05dc\u05de\u05d4-\u05d1\u05de\u05e8\u05db\u05d6-1-68.jpg\",\"contentUrl\":\"https:\\\/\\\/ayeletshlomo.com\\\/wp-content\\\/uploads\\\/sites\\\/21\\\/2023\\\/07\\\/\u05e9\u05de\u05dc\u05d5\u05ea-\u05db\u05dc\u05d4-\u05e6\u05e0\u05d5\u05e2\u05d5\u05ea-\u05d0\u05d9\u05d9\u05dc\u05ea-\u05e9\u05dc\u05de\u05d4-\u05d1\u05de\u05e8\u05db\u05d6-1-68.jpg\",\"width\":1456,\"height\":816,\"caption\":\"\u05e9\u05de\u05dc\u05d5\u05ea \u05db\u05dc\u05d4 \u05e6\u05e0\u05d5\u05e2\u05d5\u05ea \u05d0\u05d9\u05d9\u05dc\u05ea \u05e9\u05dc\u05de\u05d4 \u05d1\u05de\u05e8\u05db\u05d6 1 (68)\"},{\"@type\":\"BreadcrumbList\",\"@id\":\"https:\\\/\\\/ayeletshlomo.com\\\/#breadcrumb\",\"itemListElement\":[{\"@type\":\"ListItem\",\"position\":1,\"name\":\"\u05d3\u05e3 \u05d4\u05d1\u05d9\u05ea\",\"item\":\"https:\\\/\\\/ayeletshlomo.com\\\/\"},{\"@type\":\"ListItem\",\"position\":2,\"name\":\"\u05d3\u05e3 \u05d4\u05d1\u05d9\u05ea\"}]},{\"@type\":\"WebSite\",\"@id\":\"https:\\\/\\\/ayeletshlomo.com\\\/#website\",\"url\":\"https:\\\/\\\/ayeletshlomo.com\\\/\",\"name\":\"\u05e9\u05de\u05dc\u05d5\u05ea \u05db\u05dc\u05d4 \u05d5\u05e9\u05de\u05dc\u05d5\u05ea \u05e2\u05e8\u05d1 \u05e6\u05e0\u05d5\u05e2\u05d5\u05ea - \u05d0\u05d9\u05d9\u05dc\u05ea \u05e9\u05dc\u05de\u05d4\",\"description\":\"\u05e1\u05dc\u05d5\u05df \u05db\u05dc\u05d5\u05ea \u05dc\u05e9\u05de\u05dc\u05d5\u05ea \u05db\u05dc\u05d4 \u05d5\u05e2\u05e8\u05d1 \u05e6\u05e0\u05d5\u05e2\u05d5\u05ea - \u05d0\u05d9\u05d9\u05dc\u05ea \u05e9\u05dc\u05de\u05d4. \u05e2\u05d9\u05e6\u05d5\u05d1 \u05de\u05d5\u05ea\u05d0\u05dd \u05d0\u05d9\u05e9\u05d9\u05ea, \u05de\u05db\u05d9\u05e8\u05d4 \u05d5\u05d4\u05e9\u05db\u05e8\u05d4 \u05e9\u05dc \u05e9\u05de\u05dc\u05d5\u05ea \u05db\u05dc\u05d4 \u05e6\u05e0\u05d5\u05e2\u05d5\u05ea, \u05ea\u05e4\u05d9\u05e8\u05d4 \u05d1\u05e2\u05d9\u05e6\u05d5\u05d1 \u05d0\u05d9\u05e9\u05d9 \u05e9\u05dc \u05e9\u05de\u05dc\u05d5\u05ea \u05e2\u05e8\u05d1 \u05d1\u05d0\u05d9\u05db\u05d5\u05ea \u05d2\u05d1\u05d5\u05d4\u05d4, \u05e2\u05dd \u05e0\u05d9\u05e1\u05d9\u05d5\u05df \u05de\u05e2\u05dc 20 \u05e9\u05e0\u05d4 \u05d1\u05de\u05d2\u05d6\u05e8 \u05d4\u05d7\u05e8\u05d3\u05d9 \u05d5\u05d4\u05d3\u05ea\u05d9, \u05e9\u05d9\u05e8\u05d5\u05ea \u05d0\u05d9\u05e9\u05d9. \u05de\u05e6\u05d0\u05d5 \u05d0\u05ea \u05d4\u05e9\u05de\u05dc\u05d4 \u05d4\u05de\u05d5\u05e9\u05dc\u05de\u05ea \u05d5\u05e7\u05d1\u05dc\u05d5 \u05de\u05e8\u05d0\u05d4 \u05de\u05d5\u05e9\u05da \u05d1\u05db\u05dc \u05d0\u05d9\u05e8\u05d5\u05e2.\",\"publisher\":{\"@id\":\"https:\\\/\\\/ayeletshlomo.com\\\/#organization\"},\"potentialAction\":[{\"@type\":\"SearchAction\",\"target\":{\"@type\":\"EntryPoint\",\"urlTemplate\":\"https:\\\/\\\/ayeletshlomo.com\\\/?s={search_term_string}\"},\"query-input\":{\"@type\":\"PropertyValueSpecification\",\"valueRequired\":true,\"valueName\":\"search_term_string\"}}],\"inLanguage\":\"fr-FR\"},{\"@type\":\"Organization\",\"@id\":\"https:\\\/\\\/ayeletshlomo.com\\\/#organization\",\"name\":\"\u05e9\u05de\u05dc\u05d5\u05ea \u05db\u05dc\u05d4 \u05e6\u05e0\u05d5\u05e2\u05d5\u05ea - \u05d0\u05d9\u05d9\u05dc\u05ea \u05e9\u05dc\u05de\u05d4\",\"alternateName\":\"\u05e1\u05dc\u05d5\u05df \u05db\u05dc\u05d5\u05ea - \u05d0\u05d9\u05d9\u05dc\u05ea \u05e9\u05dc\u05de\u05d4\",\"url\":\"https:\\\/\\\/ayeletshlomo.com\\\/\",\"logo\":{\"@type\":\"ImageObject\",\"inLanguage\":\"fr-FR\",\"@id\":\"https:\\\/\\\/ayeletshlomo.com\\\/#\\\/schema\\\/logo\\\/image\\\/\",\"url\":\"https:\\\/\\\/ayeletshlomo.com\\\/wp-content\\\/uploads\\\/sites\\\/21\\\/2023\\\/05\\\/1000x1000-logo-01.jpg\",\"contentUrl\":\"https:\\\/\\\/ayeletshlomo.com\\\/wp-content\\\/uploads\\\/sites\\\/21\\\/2023\\\/05\\\/1000x1000-logo-01.jpg\",\"width\":2201,\"height\":2201,\"caption\":\"\u05e9\u05de\u05dc\u05d5\u05ea \u05db\u05dc\u05d4 \u05e6\u05e0\u05d5\u05e2\u05d5\u05ea - \u05d0\u05d9\u05d9\u05dc\u05ea \u05e9\u05dc\u05de\u05d4\"},\"image\":{\"@id\":\"https:\\\/\\\/ayeletshlomo.com\\\/#\\\/schema\\\/logo\\\/image\\\/\"},\"sameAs\":[\"https:\\\/\\\/www.facebook.com\\\/boikala\",\"https:\\\/\\\/www.youtube.com\\\/@ayeletshlomo\"]}]}<\/script>\n<!-- \/ Yoast SEO Premium plugin. -->","yoast_head_json":{"title":"Accueil - Robes de mari\u00e9e et robes de soir\u00e9e modestes - Ayelet Shlomo","description":"Un salon de mariage recommand\u00e9 sp\u00e9cialis\u00e9 dans les robes de mari\u00e9e et de soir\u00e9e modestes, faites sur mesure. Dans le salon, vous trouverez un riche choix de robes de soir\u00e9e modestes et de robes de mari\u00e9e spectaculaires.","robots":{"index":"index","follow":"follow","max-snippet":"max-snippet:-1","max-image-preview":"max-image-preview:large","max-video-preview":"max-video-preview:-1"},"canonical":"https:\/\/ayeletshlomo.com\/fr\/","og_locale":"fr_FR","og_type":"article","og_title":"\u05d3\u05e3 \u05d4\u05d1\u05d9\u05ea","og_description":"\u05e1\u05dc\u05d5\u05df \u05db\u05dc\u05d5\u05ea \u05de\u05d5\u05de\u05dc\u05e5 \u05d4\u05de\u05ea\u05de\u05d7\u05d4 \u05d1\u05e9\u05de\u05dc\u05d5\u05ea \u05db\u05dc\u05d4 \u05d5\u05e2\u05e8\u05d1 \u05e6\u05e0\u05d5\u05e2\u05d5\u05ea, \u05e2\u05e9\u05d5\u05d9\u05d5\u05ea \u05d1\u05de\u05d3\u05d9\u05d3\u05d4 \u05d0\u05d9\u05e9\u05d9\u05ea. \u05d1\u05e1\u05dc\u05d5\u05df \u05e0\u05d9\u05ea\u05df \u05dc\u05de\u05e6\u05d5\u05d0 \u05de\u05d1\u05d7\u05e8 \u05e2\u05e9\u05d9\u05e8 \u05e9\u05dc \u05e9\u05de\u05dc\u05d5\u05ea \u05e2\u05e8\u05d1 \u05e6\u05e0\u05d5\u05e2\u05d5\u05ea \u05d5\u05e9\u05de\u05dc\u05d5\u05ea \u05db\u05dc\u05d4 \u05de\u05e8\u05d4\u05d9\u05d1\u05d5\u05ea.","og_url":"https:\/\/ayeletshlomo.com\/fr\/","og_site_name":"\u05e9\u05de\u05dc\u05d5\u05ea \u05db\u05dc\u05d4 \u05d5\u05e9\u05de\u05dc\u05d5\u05ea \u05e2\u05e8\u05d1 \u05e6\u05e0\u05d5\u05e2\u05d5\u05ea - \u05d0\u05d9\u05d9\u05dc\u05ea \u05e9\u05dc\u05de\u05d4","article_publisher":"https:\/\/www.facebook.com\/boikala","article_modified_time":"2023-07-31T19:07:57+00:00","og_image":[{"width":1456,"height":816,"url":"https:\/\/ayeletshlomo.com\/wp-content\/uploads\/sites\/21\/2023\/07\/\u05e9\u05de\u05dc\u05d5\u05ea-\u05db\u05dc\u05d4-\u05e6\u05e0\u05d5\u05e2\u05d5\u05ea-\u05d0\u05d9\u05d9\u05dc\u05ea-\u05e9\u05dc\u05de\u05d4-\u05d1\u05de\u05e8\u05db\u05d6-1-68.jpg","type":"image\/jpeg"}],"twitter_card":"summary_large_image","twitter_misc":{"Dur\u00e9e de lecture estim\u00e9e":"1 minute"},"schema":{"@context":"https:\/\/schema.org","@graph":[{"@type":"WebPage","@id":"https:\/\/ayeletshlomo.com\/","url":"https:\/\/ayeletshlomo.com\/","name":"Accueil - Robes de mari\u00e9e et robes de soir\u00e9e modestes - Ayelet Shlomo","isPartOf":{"@id":"https:\/\/ayeletshlomo.com\/#website"},"primaryImageOfPage":{"@id":"https:\/\/ayeletshlomo.com\/#primaryimage"},"image":{"@id":"https:\/\/ayeletshlomo.com\/#primaryimage"},"thumbnailUrl":"https:\/\/ayeletshlomo.com\/wp-content\/uploads\/sites\/21\/2023\/07\/\u05e9\u05de\u05dc\u05d5\u05ea-\u05db\u05dc\u05d4-\u05e6\u05e0\u05d5\u05e2\u05d5\u05ea-\u05d0\u05d9\u05d9\u05dc\u05ea-\u05e9\u05dc\u05de\u05d4-\u05d1\u05de\u05e8\u05db\u05d6-1-68.jpg","datePublished":"2023-05-17T11:38:13+00:00","dateModified":"2023-07-31T19:07:57+00:00","description":"Un salon de mariage recommand\u00e9 sp\u00e9cialis\u00e9 dans les robes de mari\u00e9e et de soir\u00e9e modestes, faites sur mesure. Dans le salon, vous trouverez un riche choix de robes de soir\u00e9e modestes et de robes de mari\u00e9e spectaculaires.","breadcrumb":{"@id":"https:\/\/ayeletshlomo.com\/#breadcrumb"},"inLanguage":"fr-FR","potentialAction":[{"@type":"ReadAction","target":["https:\/\/ayeletshlomo.com\/"]}]},{"@type":"ImageObject","inLanguage":"fr-FR","@id":"https:\/\/ayeletshlomo.com\/#primaryimage","url":"https:\/\/ayeletshlomo.com\/wp-content\/uploads\/sites\/21\/2023\/07\/\u05e9\u05de\u05dc\u05d5\u05ea-\u05db\u05dc\u05d4-\u05e6\u05e0\u05d5\u05e2\u05d5\u05ea-\u05d0\u05d9\u05d9\u05dc\u05ea-\u05e9\u05dc\u05de\u05d4-\u05d1\u05de\u05e8\u05db\u05d6-1-68.jpg","contentUrl":"https:\/\/ayeletshlomo.com\/wp-content\/uploads\/sites\/21\/2023\/07\/\u05e9\u05de\u05dc\u05d5\u05ea-\u05db\u05dc\u05d4-\u05e6\u05e0\u05d5\u05e2\u05d5\u05ea-\u05d0\u05d9\u05d9\u05dc\u05ea-\u05e9\u05dc\u05de\u05d4-\u05d1\u05de\u05e8\u05db\u05d6-1-68.jpg","width":1456,"height":816,"caption":"\u05e9\u05de\u05dc\u05d5\u05ea \u05db\u05dc\u05d4 \u05e6\u05e0\u05d5\u05e2\u05d5\u05ea \u05d0\u05d9\u05d9\u05dc\u05ea \u05e9\u05dc\u05de\u05d4 \u05d1\u05de\u05e8\u05db\u05d6 1 (68)"},{"@type":"BreadcrumbList","@id":"https:\/\/ayeletshlomo.com\/#breadcrumb","itemListElement":[{"@type":"ListItem","position":1,"name":"\u05d3\u05e3 \u05d4\u05d1\u05d9\u05ea","item":"https:\/\/ayeletshlomo.com\/"},{"@type":"ListItem","position":2,"name":"\u05d3\u05e3 \u05d4\u05d1\u05d9\u05ea"}]},{"@type":"WebSite","@id":"https:\/\/ayeletshlomo.com\/#website","url":"https:\/\/ayeletshlomo.com\/","name":"Robes de mari\u00e9e et robes de soir\u00e9e modestes - Ayelet Shlomo","description":"Salon de mari\u00e9e pour robes de mari\u00e9e et de soir\u00e9e modestes - Ayelet Shlomo. Conception sur mesure, vente et location de robes de mari\u00e9e modestes, couture sur mesure de robes de soir\u00e9e de haute qualit\u00e9, avec plus de 20 ans d&#039;exp\u00e9rience dans le secteur Haredi et religieux, service personnalis\u00e9. Trouvez la robe parfaite et soyez attrayant \u00e0 n&#039;importe quel \u00e9v\u00e9nement.","publisher":{"@id":"https:\/\/ayeletshlomo.com\/#organization"},"potentialAction":[{"@type":"SearchAction","target":{"@type":"EntryPoint","urlTemplate":"https:\/\/ayeletshlomo.com\/?s={search_term_string}"},"query-input":{"@type":"PropertyValueSpecification","valueRequired":true,"valueName":"search_term_string"}}],"inLanguage":"fr-FR"},{"@type":"Organization","@id":"https:\/\/ayeletshlomo.com\/#organization","name":"Robes de mari\u00e9e modestes \u2013 Ayelet Shlomo","alternateName":"\u05e1\u05dc\u05d5\u05df \u05db\u05dc\u05d5\u05ea - \u05d0\u05d9\u05d9\u05dc\u05ea \u05e9\u05dc\u05de\u05d4","url":"https:\/\/ayeletshlomo.com\/","logo":{"@type":"ImageObject","inLanguage":"fr-FR","@id":"https:\/\/ayeletshlomo.com\/#\/schema\/logo\/image\/","url":"https:\/\/ayeletshlomo.com\/wp-content\/uploads\/sites\/21\/2023\/05\/1000x1000-logo-01.jpg","contentUrl":"https:\/\/ayeletshlomo.com\/wp-content\/uploads\/sites\/21\/2023\/05\/1000x1000-logo-01.jpg","width":2201,"height":2201,"caption":"\u05e9\u05de\u05dc\u05d5\u05ea \u05db\u05dc\u05d4 \u05e6\u05e0\u05d5\u05e2\u05d5\u05ea - \u05d0\u05d9\u05d9\u05dc\u05ea \u05e9\u05dc\u05de\u05d4"},"image":{"@id":"https:\/\/ayeletshlomo.com\/#\/schema\/logo\/image\/"},"sameAs":["https:\/\/www.facebook.com\/boikala","https:\/\/www.youtube.com\/@ayeletshlomo"]}]}},"_links":{"self":[{"href":"https:\/\/ayeletshlomo.com\/fr\/wp-json\/wp\/v2\/pages\/31","targetHints":{"allow":["GET"]}}],"collection":[{"href":"https:\/\/ayeletshlomo.com\/fr\/wp-json\/wp\/v2\/pages"}],"about":[{"href":"https:\/\/ayeletshlomo.com\/fr\/wp-json\/wp\/v2\/types\/page"}],"author":[{"embeddable":true,"href":"https:\/\/ayeletshlomo.com\/fr\/wp-json\/wp\/v2\/users\/1003"}],"replies":[{"embeddable":true,"href":"https:\/\/ayeletshlomo.com\/fr\/wp-json\/wp\/v2\/comments?post=31"}],"version-history":[{"count":3,"href":"https:\/\/ayeletshlomo.com\/fr\/wp-json\/wp\/v2\/pages\/31\/revisions"}],"predecessor-version":[{"id":4287,"href":"https:\/\/ayeletshlomo.com\/fr\/wp-json\/wp\/v2\/pages\/31\/revisions\/4287"}],"wp:featuredmedia":[{"embeddable":true,"href":"https:\/\/ayeletshlomo.com\/fr\/wp-json\/wp\/v2\/media\/4285"}],"wp:attachment":[{"href":"https:\/\/ayeletshlomo.com\/fr\/wp-json\/wp\/v2\/media?parent=31"}],"curies":[{"name":"wp","href":"https:\/\/api.w.org\/{rel}","templated":true}]}}