{"id":1930,"date":"2023-05-28T23:12:15","date_gmt":"2023-05-28T20:12:15","guid":{"rendered":"https:\/\/ayeletshlomo.com\/?page_id=1930"},"modified":"2023-05-29T13:33:42","modified_gmt":"2023-05-29T10:33:42","slug":"%d7%aa%d7%a1%d7%a8%d7%95%d7%a7%d7%95%d7%aa-%d7%9b%d7%9c%d7%94","status":"publish","type":"page","link":"https:\/\/ayeletshlomo.com\/fr\/%d7%aa%d7%a1%d7%a8%d7%95%d7%a7%d7%95%d7%aa-%d7%9b%d7%9c%d7%94\/","title":{"rendered":"Coiffures de mari\u00e9e"},"content":{"rendered":"<p>Le jour de votre mariage, la coiffure que vous choisissez peut vous apporter \u00e9l\u00e9gance et gr\u00e2ce. Ce catalogue propose des coiffures \u00e9l\u00e9gantes qui raviront l&#039;\u00e2me. Des cheveux soigneusement coiff\u00e9s, des d\u00e9corations raffin\u00e9es et des finitions simples et \u00e9pur\u00e9es : tout pour ajouter l&#039;\u00e9l\u00e9gance et la gr\u00e2ce dont vous avez toujours r\u00eav\u00e9 \u00e0 votre journ\u00e9e importante.<\/p>","protected":false},"excerpt":{"rendered":"<p>Le jour de votre mariage, la coiffure que vous choisissez peut vous apporter \u00e9l\u00e9gance et gr\u00e2ce. Ce catalogue propose des coiffures \u00e9l\u00e9gantes qui raviront l&#039;\u00e2me. Des cheveux soigneusement coiff\u00e9s, des d\u00e9corations raffin\u00e9es et des finitions simples et \u00e9pur\u00e9es : tout pour ajouter l&#039;\u00e9l\u00e9gance et la gr\u00e2ce dont vous avez toujours r\u00eav\u00e9 \u00e0 votre journ\u00e9e importante.<\/p>","protected":false},"author":1003,"featured_media":1983,"parent":0,"menu_order":0,"comment_status":"closed","ping_status":"closed","template":"","meta":{"_acf_changed":false,"_joinchat":[],"footnotes":""},"class_list":["post-1930","page","type-page","status-publish","has-post-thumbnail","hentry"],"acf":[],"yoast_head":"<!-- This site is optimized with the Yoast SEO Premium plugin v24.8 (Yoast SEO v27.3) - https:\/\/yoast.com\/product\/yoast-seo-premium-wordpress\/ -->\n<title>\u05ea\u05e1\u05e8\u05d5\u05e7\u05d5\u05ea \u05db\u05dc\u05d4 - \u05e9\u05de\u05dc\u05d5\u05ea \u05db\u05dc\u05d4 \u05d5\u05e9\u05de\u05dc\u05d5\u05ea \u05e2\u05e8\u05d1 \u05e6\u05e0\u05d5\u05e2\u05d5\u05ea - \u05d0\u05d9\u05d9\u05dc\u05ea \u05e9\u05dc\u05de\u05d4<\/title>\n<meta name=\"description\" content=\"\u05d1\u05d9\u05d5\u05dd \u05d4\u05d7\u05e9\u05d5\u05d1 \u05e9\u05dc\u05da, \u05ea\u05e1\u05e8\u05d5\u05e7\u05ea \u05d4\u05e9\u05d9\u05e2\u05e8 \u05e9\u05ea\u05d1\u05d7\u05e8\u05d9 \u05d9\u05db\u05d5\u05dc\u05d4 \u05dc\u05d4\u05e2\u05e0\u05d9\u05e7 \u05dc\u05da \u05d0\u05dc\u05d2\u05e0\u05d8\u05d9\u05d5\u05ea \u05d5\u05d7\u05df. \u05d4\u05e7\u05d8\u05dc\u05d5\u05d2 \u05d4\u05d6\u05d4 \u05de\u05e6\u05d9\u05e2 \u05ea\u05e1\u05e8\u05d5\u05e7\u05d5\u05ea \u05d0\u05dc\u05d2\u05e0\u05d8\u05d9\u05d5\u05ea \u05e9\u05d9\u05ea\u05e8\u05d2\u05e9\u05d5 \u05d0\u05ea \u05d4\u05e0\u05e9\u05de\u05d4.\" \/>\n<meta name=\"robots\" content=\"index, follow, max-snippet:-1, max-image-preview:large, max-video-preview:-1\" \/>\n<link rel=\"canonical\" href=\"https:\/\/ayeletshlomo.com\/fr\/\u05ea\u05e1\u05e8\u05d5\u05e7\u05d5\u05ea-\u05db\u05dc\u05d4\/\" \/>\n<meta property=\"og:locale\" content=\"fr_FR\" \/>\n<meta property=\"og:type\" content=\"article\" \/>\n<meta property=\"og:title\" content=\"\u05ea\u05e1\u05e8\u05d5\u05e7\u05d5\u05ea \u05db\u05dc\u05d4\" \/>\n<meta property=\"og:description\" content=\"\u05d1\u05d9\u05d5\u05dd \u05d4\u05d7\u05e9\u05d5\u05d1 \u05e9\u05dc\u05da, \u05ea\u05e1\u05e8\u05d5\u05e7\u05ea \u05d4\u05e9\u05d9\u05e2\u05e8 \u05e9\u05ea\u05d1\u05d7\u05e8\u05d9 \u05d9\u05db\u05d5\u05dc\u05d4 \u05dc\u05d4\u05e2\u05e0\u05d9\u05e7 \u05dc\u05da \u05d0\u05dc\u05d2\u05e0\u05d8\u05d9\u05d5\u05ea \u05d5\u05d7\u05df. \u05d4\u05e7\u05d8\u05dc\u05d5\u05d2 \u05d4\u05d6\u05d4 \u05de\u05e6\u05d9\u05e2 \u05ea\u05e1\u05e8\u05d5\u05e7\u05d5\u05ea \u05d0\u05dc\u05d2\u05e0\u05d8\u05d9\u05d5\u05ea \u05e9\u05d9\u05ea\u05e8\u05d2\u05e9\u05d5 \u05d0\u05ea \u05d4\u05e0\u05e9\u05de\u05d4.\" \/>\n<meta property=\"og:url\" content=\"https:\/\/ayeletshlomo.com\/fr\/\u05ea\u05e1\u05e8\u05d5\u05e7\u05d5\u05ea-\u05db\u05dc\u05d4\/\" \/>\n<meta property=\"og:site_name\" content=\"\u05e9\u05de\u05dc\u05d5\u05ea \u05db\u05dc\u05d4 \u05d5\u05e9\u05de\u05dc\u05d5\u05ea \u05e2\u05e8\u05d1 \u05e6\u05e0\u05d5\u05e2\u05d5\u05ea - \u05d0\u05d9\u05d9\u05dc\u05ea \u05e9\u05dc\u05de\u05d4\" \/>\n<meta property=\"article:publisher\" content=\"https:\/\/www.facebook.com\/boikala\" \/>\n<meta property=\"article:modified_time\" content=\"2023-05-29T10:33:42+00:00\" \/>\n<meta property=\"og:image\" content=\"https:\/\/ayeletshlomo.com\/wp-content\/uploads\/sites\/21\/2023\/05\/\u05ea\u05e1\u05e8\u05d5\u05e7\u05d5\u05ea-\u05db\u05dc\u05d4-\u05e1\u05dc\u05d5\u05df-\u05db\u05dc\u05d5\u05ea-\u05d1\u05d1\u05e0\u05d9-\u05d1\u05e8\u05e7-59.jpg\" \/>\n\t<meta property=\"og:image:width\" content=\"1024\" \/>\n\t<meta property=\"og:image:height\" content=\"1024\" \/>\n\t<meta property=\"og:image:type\" content=\"image\/jpeg\" \/>\n<meta name=\"twitter:card\" content=\"summary_large_image\" \/>\n<meta name=\"twitter:label1\" content=\"Dur\u00e9e de lecture estim\u00e9e\" \/>\n\t<meta name=\"twitter:data1\" content=\"1 minute\" \/>\n<script type=\"application\/ld+json\" class=\"yoast-schema-graph\">{\"@context\":\"https:\\\/\\\/schema.org\",\"@graph\":[{\"@type\":\"WebPage\",\"@id\":\"https:\\\/\\\/ayeletshlomo.com\\\/%d7%aa%d7%a1%d7%a8%d7%95%d7%a7%d7%95%d7%aa-%d7%9b%d7%9c%d7%94\\\/\",\"url\":\"https:\\\/\\\/ayeletshlomo.com\\\/%d7%aa%d7%a1%d7%a8%d7%95%d7%a7%d7%95%d7%aa-%d7%9b%d7%9c%d7%94\\\/\",\"name\":\"\u05ea\u05e1\u05e8\u05d5\u05e7\u05d5\u05ea \u05db\u05dc\u05d4 - \u05e9\u05de\u05dc\u05d5\u05ea \u05db\u05dc\u05d4 \u05d5\u05e9\u05de\u05dc\u05d5\u05ea \u05e2\u05e8\u05d1 \u05e6\u05e0\u05d5\u05e2\u05d5\u05ea - \u05d0\u05d9\u05d9\u05dc\u05ea \u05e9\u05dc\u05de\u05d4\",\"isPartOf\":{\"@id\":\"https:\\\/\\\/ayeletshlomo.com\\\/#website\"},\"primaryImageOfPage\":{\"@id\":\"https:\\\/\\\/ayeletshlomo.com\\\/%d7%aa%d7%a1%d7%a8%d7%95%d7%a7%d7%95%d7%aa-%d7%9b%d7%9c%d7%94\\\/#primaryimage\"},\"image\":{\"@id\":\"https:\\\/\\\/ayeletshlomo.com\\\/%d7%aa%d7%a1%d7%a8%d7%95%d7%a7%d7%95%d7%aa-%d7%9b%d7%9c%d7%94\\\/#primaryimage\"},\"thumbnailUrl\":\"https:\\\/\\\/ayeletshlomo.com\\\/wp-content\\\/uploads\\\/sites\\\/21\\\/2023\\\/05\\\/\u05ea\u05e1\u05e8\u05d5\u05e7\u05d5\u05ea-\u05db\u05dc\u05d4-\u05e1\u05dc\u05d5\u05df-\u05db\u05dc\u05d5\u05ea-\u05d1\u05d1\u05e0\u05d9-\u05d1\u05e8\u05e7-59.jpg\",\"datePublished\":\"2023-05-28T20:12:15+00:00\",\"dateModified\":\"2023-05-29T10:33:42+00:00\",\"description\":\"\u05d1\u05d9\u05d5\u05dd \u05d4\u05d7\u05e9\u05d5\u05d1 \u05e9\u05dc\u05da, \u05ea\u05e1\u05e8\u05d5\u05e7\u05ea \u05d4\u05e9\u05d9\u05e2\u05e8 \u05e9\u05ea\u05d1\u05d7\u05e8\u05d9 \u05d9\u05db\u05d5\u05dc\u05d4 \u05dc\u05d4\u05e2\u05e0\u05d9\u05e7 \u05dc\u05da \u05d0\u05dc\u05d2\u05e0\u05d8\u05d9\u05d5\u05ea \u05d5\u05d7\u05df. \u05d4\u05e7\u05d8\u05dc\u05d5\u05d2 \u05d4\u05d6\u05d4 \u05de\u05e6\u05d9\u05e2 \u05ea\u05e1\u05e8\u05d5\u05e7\u05d5\u05ea \u05d0\u05dc\u05d2\u05e0\u05d8\u05d9\u05d5\u05ea \u05e9\u05d9\u05ea\u05e8\u05d2\u05e9\u05d5 \u05d0\u05ea \u05d4\u05e0\u05e9\u05de\u05d4.\",\"breadcrumb\":{\"@id\":\"https:\\\/\\\/ayeletshlomo.com\\\/%d7%aa%d7%a1%d7%a8%d7%95%d7%a7%d7%95%d7%aa-%d7%9b%d7%9c%d7%94\\\/#breadcrumb\"},\"inLanguage\":\"fr-FR\",\"potentialAction\":[{\"@type\":\"ReadAction\",\"target\":[\"https:\\\/\\\/ayeletshlomo.com\\\/%d7%aa%d7%a1%d7%a8%d7%95%d7%a7%d7%95%d7%aa-%d7%9b%d7%9c%d7%94\\\/\"]}]},{\"@type\":\"ImageObject\",\"inLanguage\":\"fr-FR\",\"@id\":\"https:\\\/\\\/ayeletshlomo.com\\\/%d7%aa%d7%a1%d7%a8%d7%95%d7%a7%d7%95%d7%aa-%d7%9b%d7%9c%d7%94\\\/#primaryimage\",\"url\":\"https:\\\/\\\/ayeletshlomo.com\\\/wp-content\\\/uploads\\\/sites\\\/21\\\/2023\\\/05\\\/\u05ea\u05e1\u05e8\u05d5\u05e7\u05d5\u05ea-\u05db\u05dc\u05d4-\u05e1\u05dc\u05d5\u05df-\u05db\u05dc\u05d5\u05ea-\u05d1\u05d1\u05e0\u05d9-\u05d1\u05e8\u05e7-59.jpg\",\"contentUrl\":\"https:\\\/\\\/ayeletshlomo.com\\\/wp-content\\\/uploads\\\/sites\\\/21\\\/2023\\\/05\\\/\u05ea\u05e1\u05e8\u05d5\u05e7\u05d5\u05ea-\u05db\u05dc\u05d4-\u05e1\u05dc\u05d5\u05df-\u05db\u05dc\u05d5\u05ea-\u05d1\u05d1\u05e0\u05d9-\u05d1\u05e8\u05e7-59.jpg\",\"width\":1024,\"height\":1024,\"caption\":\"\u05ea\u05e1\u05e8\u05d5\u05e7\u05d5\u05ea \u05db\u05dc\u05d4-\u05e1\u05dc\u05d5\u05df \u05db\u05dc\u05d5\u05ea \u05d1\u05d1\u05e0\u05d9 \u05d1\u05e8\u05e7 (59)\"},{\"@type\":\"BreadcrumbList\",\"@id\":\"https:\\\/\\\/ayeletshlomo.com\\\/%d7%aa%d7%a1%d7%a8%d7%95%d7%a7%d7%95%d7%aa-%d7%9b%d7%9c%d7%94\\\/#breadcrumb\",\"itemListElement\":[{\"@type\":\"ListItem\",\"position\":1,\"name\":\"\u05d3\u05e3 \u05d4\u05d1\u05d9\u05ea\",\"item\":\"https:\\\/\\\/ayeletshlomo.com\\\/\"},{\"@type\":\"ListItem\",\"position\":2,\"name\":\"\u05ea\u05e1\u05e8\u05d5\u05e7\u05d5\u05ea \u05db\u05dc\u05d4\"}]},{\"@type\":\"WebSite\",\"@id\":\"https:\\\/\\\/ayeletshlomo.com\\\/#website\",\"url\":\"https:\\\/\\\/ayeletshlomo.com\\\/\",\"name\":\"\u05e9\u05de\u05dc\u05d5\u05ea \u05db\u05dc\u05d4 \u05d5\u05e9\u05de\u05dc\u05d5\u05ea \u05e2\u05e8\u05d1 \u05e6\u05e0\u05d5\u05e2\u05d5\u05ea - \u05d0\u05d9\u05d9\u05dc\u05ea \u05e9\u05dc\u05de\u05d4\",\"description\":\"\u05e1\u05dc\u05d5\u05df \u05db\u05dc\u05d5\u05ea \u05dc\u05e9\u05de\u05dc\u05d5\u05ea \u05db\u05dc\u05d4 \u05d5\u05e2\u05e8\u05d1 \u05e6\u05e0\u05d5\u05e2\u05d5\u05ea - \u05d0\u05d9\u05d9\u05dc\u05ea \u05e9\u05dc\u05de\u05d4. \u05e2\u05d9\u05e6\u05d5\u05d1 \u05de\u05d5\u05ea\u05d0\u05dd \u05d0\u05d9\u05e9\u05d9\u05ea, \u05de\u05db\u05d9\u05e8\u05d4 \u05d5\u05d4\u05e9\u05db\u05e8\u05d4 \u05e9\u05dc \u05e9\u05de\u05dc\u05d5\u05ea \u05db\u05dc\u05d4 \u05e6\u05e0\u05d5\u05e2\u05d5\u05ea, \u05ea\u05e4\u05d9\u05e8\u05d4 \u05d1\u05e2\u05d9\u05e6\u05d5\u05d1 \u05d0\u05d9\u05e9\u05d9 \u05e9\u05dc \u05e9\u05de\u05dc\u05d5\u05ea \u05e2\u05e8\u05d1 \u05d1\u05d0\u05d9\u05db\u05d5\u05ea \u05d2\u05d1\u05d5\u05d4\u05d4, \u05e2\u05dd \u05e0\u05d9\u05e1\u05d9\u05d5\u05df \u05de\u05e2\u05dc 20 \u05e9\u05e0\u05d4 \u05d1\u05de\u05d2\u05d6\u05e8 \u05d4\u05d7\u05e8\u05d3\u05d9 \u05d5\u05d4\u05d3\u05ea\u05d9, \u05e9\u05d9\u05e8\u05d5\u05ea \u05d0\u05d9\u05e9\u05d9. \u05de\u05e6\u05d0\u05d5 \u05d0\u05ea \u05d4\u05e9\u05de\u05dc\u05d4 \u05d4\u05de\u05d5\u05e9\u05dc\u05de\u05ea \u05d5\u05e7\u05d1\u05dc\u05d5 \u05de\u05e8\u05d0\u05d4 \u05de\u05d5\u05e9\u05da \u05d1\u05db\u05dc \u05d0\u05d9\u05e8\u05d5\u05e2.\",\"publisher\":{\"@id\":\"https:\\\/\\\/ayeletshlomo.com\\\/#organization\"},\"potentialAction\":[{\"@type\":\"SearchAction\",\"target\":{\"@type\":\"EntryPoint\",\"urlTemplate\":\"https:\\\/\\\/ayeletshlomo.com\\\/?s={search_term_string}\"},\"query-input\":{\"@type\":\"PropertyValueSpecification\",\"valueRequired\":true,\"valueName\":\"search_term_string\"}}],\"inLanguage\":\"fr-FR\"},{\"@type\":\"Organization\",\"@id\":\"https:\\\/\\\/ayeletshlomo.com\\\/#organization\",\"name\":\"\u05e9\u05de\u05dc\u05d5\u05ea \u05db\u05dc\u05d4 \u05e6\u05e0\u05d5\u05e2\u05d5\u05ea - \u05d0\u05d9\u05d9\u05dc\u05ea \u05e9\u05dc\u05de\u05d4\",\"alternateName\":\"\u05e1\u05dc\u05d5\u05df \u05db\u05dc\u05d5\u05ea - \u05d0\u05d9\u05d9\u05dc\u05ea \u05e9\u05dc\u05de\u05d4\",\"url\":\"https:\\\/\\\/ayeletshlomo.com\\\/\",\"logo\":{\"@type\":\"ImageObject\",\"inLanguage\":\"fr-FR\",\"@id\":\"https:\\\/\\\/ayeletshlomo.com\\\/#\\\/schema\\\/logo\\\/image\\\/\",\"url\":\"https:\\\/\\\/ayeletshlomo.com\\\/wp-content\\\/uploads\\\/sites\\\/21\\\/2023\\\/05\\\/1000x1000-logo-01.jpg\",\"contentUrl\":\"https:\\\/\\\/ayeletshlomo.com\\\/wp-content\\\/uploads\\\/sites\\\/21\\\/2023\\\/05\\\/1000x1000-logo-01.jpg\",\"width\":2201,\"height\":2201,\"caption\":\"\u05e9\u05de\u05dc\u05d5\u05ea \u05db\u05dc\u05d4 \u05e6\u05e0\u05d5\u05e2\u05d5\u05ea - \u05d0\u05d9\u05d9\u05dc\u05ea \u05e9\u05dc\u05de\u05d4\"},\"image\":{\"@id\":\"https:\\\/\\\/ayeletshlomo.com\\\/#\\\/schema\\\/logo\\\/image\\\/\"},\"sameAs\":[\"https:\\\/\\\/www.facebook.com\\\/boikala\",\"https:\\\/\\\/www.youtube.com\\\/@ayeletshlomo\"]}]}<\/script>\n<!-- \/ Yoast SEO Premium plugin. -->","yoast_head_json":{"title":"Coiffures de mari\u00e9e \u2013 Robes de mari\u00e9e et robes de soir\u00e9e modestes \u2013 Ayelet Shlomo","description":"Le jour de votre mariage, la coiffure que vous choisissez peut vous apporter \u00e9l\u00e9gance et gr\u00e2ce. Ce catalogue propose des coiffures \u00e9l\u00e9gantes qui raviront l&#039;\u00e2me.","robots":{"index":"index","follow":"follow","max-snippet":"max-snippet:-1","max-image-preview":"max-image-preview:large","max-video-preview":"max-video-preview:-1"},"canonical":"https:\/\/ayeletshlomo.com\/fr\/\u05ea\u05e1\u05e8\u05d5\u05e7\u05d5\u05ea-\u05db\u05dc\u05d4\/","og_locale":"fr_FR","og_type":"article","og_title":"\u05ea\u05e1\u05e8\u05d5\u05e7\u05d5\u05ea \u05db\u05dc\u05d4","og_description":"\u05d1\u05d9\u05d5\u05dd \u05d4\u05d7\u05e9\u05d5\u05d1 \u05e9\u05dc\u05da, \u05ea\u05e1\u05e8\u05d5\u05e7\u05ea \u05d4\u05e9\u05d9\u05e2\u05e8 \u05e9\u05ea\u05d1\u05d7\u05e8\u05d9 \u05d9\u05db\u05d5\u05dc\u05d4 \u05dc\u05d4\u05e2\u05e0\u05d9\u05e7 \u05dc\u05da \u05d0\u05dc\u05d2\u05e0\u05d8\u05d9\u05d5\u05ea \u05d5\u05d7\u05df. \u05d4\u05e7\u05d8\u05dc\u05d5\u05d2 \u05d4\u05d6\u05d4 \u05de\u05e6\u05d9\u05e2 \u05ea\u05e1\u05e8\u05d5\u05e7\u05d5\u05ea \u05d0\u05dc\u05d2\u05e0\u05d8\u05d9\u05d5\u05ea \u05e9\u05d9\u05ea\u05e8\u05d2\u05e9\u05d5 \u05d0\u05ea \u05d4\u05e0\u05e9\u05de\u05d4.","og_url":"https:\/\/ayeletshlomo.com\/fr\/\u05ea\u05e1\u05e8\u05d5\u05e7\u05d5\u05ea-\u05db\u05dc\u05d4\/","og_site_name":"\u05e9\u05de\u05dc\u05d5\u05ea \u05db\u05dc\u05d4 \u05d5\u05e9\u05de\u05dc\u05d5\u05ea \u05e2\u05e8\u05d1 \u05e6\u05e0\u05d5\u05e2\u05d5\u05ea - \u05d0\u05d9\u05d9\u05dc\u05ea \u05e9\u05dc\u05de\u05d4","article_publisher":"https:\/\/www.facebook.com\/boikala","article_modified_time":"2023-05-29T10:33:42+00:00","og_image":[{"width":1024,"height":1024,"url":"https:\/\/ayeletshlomo.com\/wp-content\/uploads\/sites\/21\/2023\/05\/\u05ea\u05e1\u05e8\u05d5\u05e7\u05d5\u05ea-\u05db\u05dc\u05d4-\u05e1\u05dc\u05d5\u05df-\u05db\u05dc\u05d5\u05ea-\u05d1\u05d1\u05e0\u05d9-\u05d1\u05e8\u05e7-59.jpg","type":"image\/jpeg"}],"twitter_card":"summary_large_image","twitter_misc":{"Dur\u00e9e de lecture estim\u00e9e":"1 minute"},"schema":{"@context":"https:\/\/schema.org","@graph":[{"@type":"WebPage","@id":"https:\/\/ayeletshlomo.com\/%d7%aa%d7%a1%d7%a8%d7%95%d7%a7%d7%95%d7%aa-%d7%9b%d7%9c%d7%94\/","url":"https:\/\/ayeletshlomo.com\/%d7%aa%d7%a1%d7%a8%d7%95%d7%a7%d7%95%d7%aa-%d7%9b%d7%9c%d7%94\/","name":"Coiffures de mari\u00e9e \u2013 Robes de mari\u00e9e et robes de soir\u00e9e modestes \u2013 Ayelet Shlomo","isPartOf":{"@id":"https:\/\/ayeletshlomo.com\/#website"},"primaryImageOfPage":{"@id":"https:\/\/ayeletshlomo.com\/%d7%aa%d7%a1%d7%a8%d7%95%d7%a7%d7%95%d7%aa-%d7%9b%d7%9c%d7%94\/#primaryimage"},"image":{"@id":"https:\/\/ayeletshlomo.com\/%d7%aa%d7%a1%d7%a8%d7%95%d7%a7%d7%95%d7%aa-%d7%9b%d7%9c%d7%94\/#primaryimage"},"thumbnailUrl":"https:\/\/ayeletshlomo.com\/wp-content\/uploads\/sites\/21\/2023\/05\/\u05ea\u05e1\u05e8\u05d5\u05e7\u05d5\u05ea-\u05db\u05dc\u05d4-\u05e1\u05dc\u05d5\u05df-\u05db\u05dc\u05d5\u05ea-\u05d1\u05d1\u05e0\u05d9-\u05d1\u05e8\u05e7-59.jpg","datePublished":"2023-05-28T20:12:15+00:00","dateModified":"2023-05-29T10:33:42+00:00","description":"Le jour de votre mariage, la coiffure que vous choisissez peut vous apporter \u00e9l\u00e9gance et gr\u00e2ce. Ce catalogue propose des coiffures \u00e9l\u00e9gantes qui raviront l&#039;\u00e2me.","breadcrumb":{"@id":"https:\/\/ayeletshlomo.com\/%d7%aa%d7%a1%d7%a8%d7%95%d7%a7%d7%95%d7%aa-%d7%9b%d7%9c%d7%94\/#breadcrumb"},"inLanguage":"fr-FR","potentialAction":[{"@type":"ReadAction","target":["https:\/\/ayeletshlomo.com\/%d7%aa%d7%a1%d7%a8%d7%95%d7%a7%d7%95%d7%aa-%d7%9b%d7%9c%d7%94\/"]}]},{"@type":"ImageObject","inLanguage":"fr-FR","@id":"https:\/\/ayeletshlomo.com\/%d7%aa%d7%a1%d7%a8%d7%95%d7%a7%d7%95%d7%aa-%d7%9b%d7%9c%d7%94\/#primaryimage","url":"https:\/\/ayeletshlomo.com\/wp-content\/uploads\/sites\/21\/2023\/05\/\u05ea\u05e1\u05e8\u05d5\u05e7\u05d5\u05ea-\u05db\u05dc\u05d4-\u05e1\u05dc\u05d5\u05df-\u05db\u05dc\u05d5\u05ea-\u05d1\u05d1\u05e0\u05d9-\u05d1\u05e8\u05e7-59.jpg","contentUrl":"https:\/\/ayeletshlomo.com\/wp-content\/uploads\/sites\/21\/2023\/05\/\u05ea\u05e1\u05e8\u05d5\u05e7\u05d5\u05ea-\u05db\u05dc\u05d4-\u05e1\u05dc\u05d5\u05df-\u05db\u05dc\u05d5\u05ea-\u05d1\u05d1\u05e0\u05d9-\u05d1\u05e8\u05e7-59.jpg","width":1024,"height":1024,"caption":"\u05ea\u05e1\u05e8\u05d5\u05e7\u05d5\u05ea \u05db\u05dc\u05d4-\u05e1\u05dc\u05d5\u05df \u05db\u05dc\u05d5\u05ea \u05d1\u05d1\u05e0\u05d9 \u05d1\u05e8\u05e7 (59)"},{"@type":"BreadcrumbList","@id":"https:\/\/ayeletshlomo.com\/%d7%aa%d7%a1%d7%a8%d7%95%d7%a7%d7%95%d7%aa-%d7%9b%d7%9c%d7%94\/#breadcrumb","itemListElement":[{"@type":"ListItem","position":1,"name":"\u05d3\u05e3 \u05d4\u05d1\u05d9\u05ea","item":"https:\/\/ayeletshlomo.com\/"},{"@type":"ListItem","position":2,"name":"\u05ea\u05e1\u05e8\u05d5\u05e7\u05d5\u05ea \u05db\u05dc\u05d4"}]},{"@type":"WebSite","@id":"https:\/\/ayeletshlomo.com\/#website","url":"https:\/\/ayeletshlomo.com\/","name":"Robes de mari\u00e9e et robes de soir\u00e9e modestes - Ayelet Shlomo","description":"Salon de mari\u00e9e pour robes de mari\u00e9e et de soir\u00e9e modestes - Ayelet Shlomo. Conception sur mesure, vente et location de robes de mari\u00e9e modestes, couture sur mesure de robes de soir\u00e9e de haute qualit\u00e9, avec plus de 20 ans d&#039;exp\u00e9rience dans le secteur Haredi et religieux, service personnalis\u00e9. Trouvez la robe parfaite et soyez attrayant \u00e0 n&#039;importe quel \u00e9v\u00e9nement.","publisher":{"@id":"https:\/\/ayeletshlomo.com\/#organization"},"potentialAction":[{"@type":"SearchAction","target":{"@type":"EntryPoint","urlTemplate":"https:\/\/ayeletshlomo.com\/?s={search_term_string}"},"query-input":{"@type":"PropertyValueSpecification","valueRequired":true,"valueName":"search_term_string"}}],"inLanguage":"fr-FR"},{"@type":"Organization","@id":"https:\/\/ayeletshlomo.com\/#organization","name":"Robes de mari\u00e9e modestes \u2013 Ayelet Shlomo","alternateName":"\u05e1\u05dc\u05d5\u05df \u05db\u05dc\u05d5\u05ea - \u05d0\u05d9\u05d9\u05dc\u05ea \u05e9\u05dc\u05de\u05d4","url":"https:\/\/ayeletshlomo.com\/","logo":{"@type":"ImageObject","inLanguage":"fr-FR","@id":"https:\/\/ayeletshlomo.com\/#\/schema\/logo\/image\/","url":"https:\/\/ayeletshlomo.com\/wp-content\/uploads\/sites\/21\/2023\/05\/1000x1000-logo-01.jpg","contentUrl":"https:\/\/ayeletshlomo.com\/wp-content\/uploads\/sites\/21\/2023\/05\/1000x1000-logo-01.jpg","width":2201,"height":2201,"caption":"\u05e9\u05de\u05dc\u05d5\u05ea \u05db\u05dc\u05d4 \u05e6\u05e0\u05d5\u05e2\u05d5\u05ea - \u05d0\u05d9\u05d9\u05dc\u05ea \u05e9\u05dc\u05de\u05d4"},"image":{"@id":"https:\/\/ayeletshlomo.com\/#\/schema\/logo\/image\/"},"sameAs":["https:\/\/www.facebook.com\/boikala","https:\/\/www.youtube.com\/@ayeletshlomo"]}]}},"_links":{"self":[{"href":"https:\/\/ayeletshlomo.com\/fr\/wp-json\/wp\/v2\/pages\/1930","targetHints":{"allow":["GET"]}}],"collection":[{"href":"https:\/\/ayeletshlomo.com\/fr\/wp-json\/wp\/v2\/pages"}],"about":[{"href":"https:\/\/ayeletshlomo.com\/fr\/wp-json\/wp\/v2\/types\/page"}],"author":[{"embeddable":true,"href":"https:\/\/ayeletshlomo.com\/fr\/wp-json\/wp\/v2\/users\/1003"}],"replies":[{"embeddable":true,"href":"https:\/\/ayeletshlomo.com\/fr\/wp-json\/wp\/v2\/comments?post=1930"}],"version-history":[{"count":1,"href":"https:\/\/ayeletshlomo.com\/fr\/wp-json\/wp\/v2\/pages\/1930\/revisions"}],"predecessor-version":[{"id":1931,"href":"https:\/\/ayeletshlomo.com\/fr\/wp-json\/wp\/v2\/pages\/1930\/revisions\/1931"}],"wp:featuredmedia":[{"embeddable":true,"href":"https:\/\/ayeletshlomo.com\/fr\/wp-json\/wp\/v2\/media\/1983"}],"wp:attachment":[{"href":"https:\/\/ayeletshlomo.com\/fr\/wp-json\/wp\/v2\/media?parent=1930"}],"curies":[{"name":"wp","href":"https:\/\/api.w.org\/{rel}","templated":true}]}}